{"id":51165,"date":"2025-07-20T18:24:30","date_gmt":"2025-07-20T16:24:30","guid":{"rendered":"https:\/\/casacumbia.com\/product\/ensemble-de-3-tables-dappoint-en-metal-et-corde-bleue-pantai\/"},"modified":"2025-09-21T15:18:42","modified_gmt":"2025-09-21T13:18:42","slug":"ensemble-de-3-tables-dappoint-en-metal-et-corde-bleue-pantai","status":"publish","type":"product","link":"https:\/\/casacumbia.com\/en\/produit\/ensemble-de-3-tables-dappoint-en-metal-et-corde-bleue-pantai\/","title":{"rendered":"Ensemble 3 Tables d&#8217;Appoint en M\u00e9tal et Corde Bleue PANTAI"},"content":{"rendered":"<p><span data-sheets-root=\"1\">Collection PANTAI \u2013 \u00c9nergie et Polyvalence en Corde <br \/>Avec des couleurs fortes et vibrantes \u2014 rose intense et bleu profond \u2014 la collection PANTAI apporte de la vie \u00e0 tout espace, qu&#8217;il soit ext\u00e9rieur ou int\u00e9rieur. Fabriqu\u00e9 en corde r\u00e9sistante et structure l\u00e9g\u00e8re, le mobilier garantit confort et fonctionnalit\u00e9 pour les moments de d\u00e9tente. Bien qu&#8217;adapt\u00e9 aux environnements ext\u00e9rieurs, il est recommand\u00e9 d&#8217;\u00e9viter l&#8217;exposition prolong\u00e9e aux intemp\u00e9ries pour pr\u00e9server la durabilit\u00e9 des mat\u00e9riaux.  <\/span><\/p>\n","protected":false},"excerpt":{"rendered":"<p>Collection PANTAI \u2013 \u00c9nergie et Polyvalence en Corde Avec des couleurs fortes et vibrantes \u2014 rose intense et bleu profond<\/p>\n","protected":false},"featured_media":35870,"comment_status":"closed","ping_status":"closed","template":"","meta":[],"product_brand":[],"product_cat":[171,247,251,204],"product_tag":[173,181,166],"class_list":{"0":"post-51165","1":"product","2":"type-product","3":"status-publish","4":"has-post-thumbnail","6":"product_cat-table-2","7":"product_cat-meublesalon","8":"product_cat-jardin","9":"product_cat-promotions-2","10":"product_tag-grandes-dimensions","11":"product_tag-integre-pim","12":"product_tag-produits-en-ligne","14":"first","15":"instock","16":"sale","17":"shipping-taxable","18":"purchasable","19":"product-type-simple"},"_links":{"self":[{"href":"https:\/\/casacumbia.com\/en\/wp-json\/wp\/v2\/product\/51165","targetHints":{"allow":["GET"]}}],"collection":[{"href":"https:\/\/casacumbia.com\/en\/wp-json\/wp\/v2\/product"}],"about":[{"href":"https:\/\/casacumbia.com\/en\/wp-json\/wp\/v2\/types\/product"}],"replies":[{"embeddable":true,"href":"https:\/\/casacumbia.com\/en\/wp-json\/wp\/v2\/comments?post=51165"}],"version-history":[{"count":1,"href":"https:\/\/casacumbia.com\/en\/wp-json\/wp\/v2\/product\/51165\/revisions"}],"predecessor-version":[{"id":52030,"href":"https:\/\/casacumbia.com\/en\/wp-json\/wp\/v2\/product\/51165\/revisions\/52030"}],"wp:featuredmedia":[{"embeddable":true,"href":"https:\/\/casacumbia.com\/en\/wp-json\/wp\/v2\/media\/35870"}],"wp:attachment":[{"href":"https:\/\/casacumbia.com\/en\/wp-json\/wp\/v2\/media?parent=51165"}],"wp:term":[{"taxonomy":"product_brand","embeddable":true,"href":"https:\/\/casacumbia.com\/en\/wp-json\/wp\/v2\/product_brand?post=51165"},{"taxonomy":"product_cat","embeddable":true,"href":"https:\/\/casacumbia.com\/en\/wp-json\/wp\/v2\/product_cat?post=51165"},{"taxonomy":"product_tag","embeddable":true,"href":"https:\/\/casacumbia.com\/en\/wp-json\/wp\/v2\/product_tag?post=51165"}],"curies":[{"name":"wp","href":"https:\/\/api.w.org\/{rel}","templated":true}]}}