{"id":51162,"date":"2025-07-20T18:24:29","date_gmt":"2025-07-20T16:24:29","guid":{"rendered":"https:\/\/casacumbia.com\/product\/pichet-turquoise-xanthi\/"},"modified":"2025-09-21T15:18:42","modified_gmt":"2025-09-21T13:18:42","slug":"pichet-turquoise-xanthi","status":"publish","type":"product","link":"https:\/\/casacumbia.com\/en\/produit\/pichet-turquoise-xanthi\/","title":{"rendered":"Carafe Turquoise XANTHI"},"content":{"rendered":"<p>Pi\u00e8ce fabriqu\u00e9e \u00e0 la main. En raison de la nature des techniques utilis\u00e9es, chaque pi\u00e8ce peut \u00eatre consid\u00e9r\u00e9e comme unique et peut pr\u00e9senter de petites variations.  <br \/>Bien qu&#8217;elle soit dot\u00e9e d&#8217;un scellant, il n&#8217;est pas garanti qu&#8217;elle soit 100 % \u00e9tanche.<\/p>\n","protected":false},"excerpt":{"rendered":"<p>Pi\u00e8ce fabriqu\u00e9e \u00e0 la main. En raison de la nature des techniques utilis\u00e9es, chaque pi\u00e8ce peut \u00eatre consid\u00e9r\u00e9e comme unique<\/p>\n","protected":false},"featured_media":35859,"comment_status":"closed","ping_status":"closed","template":"","meta":[],"product_brand":[],"product_cat":[274,204],"product_tag":[181,176,166],"class_list":{"0":"post-51162","1":"product","2":"type-product","3":"status-publish","4":"has-post-thumbnail","6":"product_cat-pichet","7":"product_cat-promotions-2","8":"product_tag-integre-pim","9":"product_tag-petites-dimensions","10":"product_tag-produits-en-ligne","12":"first","13":"instock","14":"sale","15":"shipping-taxable","16":"purchasable","17":"product-type-simple"},"_links":{"self":[{"href":"https:\/\/casacumbia.com\/en\/wp-json\/wp\/v2\/product\/51162","targetHints":{"allow":["GET"]}}],"collection":[{"href":"https:\/\/casacumbia.com\/en\/wp-json\/wp\/v2\/product"}],"about":[{"href":"https:\/\/casacumbia.com\/en\/wp-json\/wp\/v2\/types\/product"}],"replies":[{"embeddable":true,"href":"https:\/\/casacumbia.com\/en\/wp-json\/wp\/v2\/comments?post=51162"}],"version-history":[{"count":1,"href":"https:\/\/casacumbia.com\/en\/wp-json\/wp\/v2\/product\/51162\/revisions"}],"predecessor-version":[{"id":53328,"href":"https:\/\/casacumbia.com\/en\/wp-json\/wp\/v2\/product\/51162\/revisions\/53328"}],"wp:featuredmedia":[{"embeddable":true,"href":"https:\/\/casacumbia.com\/en\/wp-json\/wp\/v2\/media\/35859"}],"wp:attachment":[{"href":"https:\/\/casacumbia.com\/en\/wp-json\/wp\/v2\/media?parent=51162"}],"wp:term":[{"taxonomy":"product_brand","embeddable":true,"href":"https:\/\/casacumbia.com\/en\/wp-json\/wp\/v2\/product_brand?post=51162"},{"taxonomy":"product_cat","embeddable":true,"href":"https:\/\/casacumbia.com\/en\/wp-json\/wp\/v2\/product_cat?post=51162"},{"taxonomy":"product_tag","embeddable":true,"href":"https:\/\/casacumbia.com\/en\/wp-json\/wp\/v2\/product_tag?post=51162"}],"curies":[{"name":"wp","href":"https:\/\/api.w.org\/{rel}","templated":true}]}}