{"id":51155,"date":"2025-07-20T18:24:30","date_gmt":"2025-07-20T16:24:30","guid":{"rendered":"https:\/\/casacumbia.com\/product\/canape-en-metal-et-corde-noir-all-black\/"},"modified":"2025-09-21T15:18:38","modified_gmt":"2025-09-21T13:18:38","slug":"canape-en-metal-et-corde-noir-all-black","status":"publish","type":"product","link":"https:\/\/casacumbia.com\/en\/produit\/canape-en-metal-et-corde-noir-all-black\/","title":{"rendered":"Canap\u00e9 en M\u00e9tal et Corde Noir ALL BLACK"},"content":{"rendered":"<p>La tendance monochromatique arrive \u00e0 l&#8217;ext\u00e9rieur avec la collection All Black. Des pi\u00e8ces de mobilier en noir total qui combinent des lignes simples avec un design contemporain, cr\u00e9ant des environnements ext\u00e9rieurs sophistiqu\u00e9s et intemporels. Id\u00e9al pour les balcons, jardins ou terrasses o\u00f9 le style se distingue par son \u00e9l\u00e9gance discr\u00e8te.<\/p>\n","protected":false},"excerpt":{"rendered":"<p>La tendance monochromatique arrive \u00e0 l&#8217;ext\u00e9rieur avec la collection All Black. Des pi\u00e8ces de mobilier en noir total qui combinent<\/p>\n","protected":false},"featured_media":35929,"comment_status":"closed","ping_status":"closed","template":"","meta":[],"product_brand":[],"product_cat":[184,246,204],"product_tag":[173,181,166],"class_list":{"0":"post-51155","1":"product","2":"type-product","3":"status-publish","4":"has-post-thumbnail","6":"product_cat-sofas-2","7":"product_cat-canapes","8":"product_cat-promotions-2","9":"product_tag-grandes-dimensions","10":"product_tag-integre-pim","11":"product_tag-produits-en-ligne","13":"first","14":"instock","15":"sale","16":"shipping-taxable","17":"purchasable","18":"product-type-simple"},"_links":{"self":[{"href":"https:\/\/casacumbia.com\/en\/wp-json\/wp\/v2\/product\/51155","targetHints":{"allow":["GET"]}}],"collection":[{"href":"https:\/\/casacumbia.com\/en\/wp-json\/wp\/v2\/product"}],"about":[{"href":"https:\/\/casacumbia.com\/en\/wp-json\/wp\/v2\/types\/product"}],"replies":[{"embeddable":true,"href":"https:\/\/casacumbia.com\/en\/wp-json\/wp\/v2\/comments?post=51155"}],"version-history":[{"count":2,"href":"https:\/\/casacumbia.com\/en\/wp-json\/wp\/v2\/product\/51155\/revisions"}],"predecessor-version":[{"id":53804,"href":"https:\/\/casacumbia.com\/en\/wp-json\/wp\/v2\/product\/51155\/revisions\/53804"}],"wp:featuredmedia":[{"embeddable":true,"href":"https:\/\/casacumbia.com\/en\/wp-json\/wp\/v2\/media\/35929"}],"wp:attachment":[{"href":"https:\/\/casacumbia.com\/en\/wp-json\/wp\/v2\/media?parent=51155"}],"wp:term":[{"taxonomy":"product_brand","embeddable":true,"href":"https:\/\/casacumbia.com\/en\/wp-json\/wp\/v2\/product_brand?post=51155"},{"taxonomy":"product_cat","embeddable":true,"href":"https:\/\/casacumbia.com\/en\/wp-json\/wp\/v2\/product_cat?post=51155"},{"taxonomy":"product_tag","embeddable":true,"href":"https:\/\/casacumbia.com\/en\/wp-json\/wp\/v2\/product_tag?post=51155"}],"curies":[{"name":"wp","href":"https:\/\/api.w.org\/{rel}","templated":true}]}}