{"id":51149,"date":"2025-07-20T18:24:31","date_gmt":"2025-07-20T16:24:31","guid":{"rendered":"https:\/\/casacumbia.com\/product\/table-dappoint-en-metal-et-corde-noire-akumal\/"},"modified":"2025-09-21T15:18:37","modified_gmt":"2025-09-21T13:18:37","slug":"table-dappoint-en-metal-et-corde-noire-akumal","status":"publish","type":"product","link":"https:\/\/casacumbia.com\/en\/produit\/table-dappoint-en-metal-et-corde-noire-akumal\/","title":{"rendered":"Table d&#8217;appoint en m\u00e9tal et corde noire AKUMAL"},"content":{"rendered":"<p>Table d&#8217;appoint avec structure en m\u00e9tal et plateau en verre. Nettoyer avec un chiffon humide ou utiliser un produit de nettoyage sp\u00e9cial pour tissus.<\/p>\n<p>\u00c9viter l&#8217;utilisation de produits de nettoyage chimiques, car ils peuvent endommager la finition.<\/p>\n","protected":false},"excerpt":{"rendered":"<p>Table d&#8217;appoint avec structure en m\u00e9tal et plateau en verre. Nettoyer avec un chiffon humide ou utiliser un produit de<\/p>\n","protected":false},"featured_media":35946,"comment_status":"closed","ping_status":"closed","template":"","meta":[],"product_brand":[],"product_cat":[171,247,204],"product_tag":[173,181,166],"class_list":{"0":"post-51149","1":"product","2":"type-product","3":"status-publish","4":"has-post-thumbnail","6":"product_cat-table-2","7":"product_cat-meublesalon","8":"product_cat-promotions-2","9":"product_tag-grandes-dimensions","10":"product_tag-integre-pim","11":"product_tag-produits-en-ligne","13":"first","14":"instock","15":"sale","16":"shipping-taxable","17":"purchasable","18":"product-type-simple"},"_links":{"self":[{"href":"https:\/\/casacumbia.com\/en\/wp-json\/wp\/v2\/product\/51149","targetHints":{"allow":["GET"]}}],"collection":[{"href":"https:\/\/casacumbia.com\/en\/wp-json\/wp\/v2\/product"}],"about":[{"href":"https:\/\/casacumbia.com\/en\/wp-json\/wp\/v2\/types\/product"}],"replies":[{"embeddable":true,"href":"https:\/\/casacumbia.com\/en\/wp-json\/wp\/v2\/comments?post=51149"}],"version-history":[{"count":2,"href":"https:\/\/casacumbia.com\/en\/wp-json\/wp\/v2\/product\/51149\/revisions"}],"predecessor-version":[{"id":54385,"href":"https:\/\/casacumbia.com\/en\/wp-json\/wp\/v2\/product\/51149\/revisions\/54385"}],"wp:featuredmedia":[{"embeddable":true,"href":"https:\/\/casacumbia.com\/en\/wp-json\/wp\/v2\/media\/35946"}],"wp:attachment":[{"href":"https:\/\/casacumbia.com\/en\/wp-json\/wp\/v2\/media?parent=51149"}],"wp:term":[{"taxonomy":"product_brand","embeddable":true,"href":"https:\/\/casacumbia.com\/en\/wp-json\/wp\/v2\/product_brand?post=51149"},{"taxonomy":"product_cat","embeddable":true,"href":"https:\/\/casacumbia.com\/en\/wp-json\/wp\/v2\/product_cat?post=51149"},{"taxonomy":"product_tag","embeddable":true,"href":"https:\/\/casacumbia.com\/en\/wp-json\/wp\/v2\/product_tag?post=51149"}],"curies":[{"name":"wp","href":"https:\/\/api.w.org\/{rel}","templated":true}]}}