{"id":51147,"date":"2025-07-20T18:24:31","date_gmt":"2025-07-20T16:24:31","guid":{"rendered":"https:\/\/casacumbia.com\/product\/rond-de-serviette-en-perles-silver-daily\/"},"modified":"2025-09-21T15:18:37","modified_gmt":"2025-09-21T13:18:37","slug":"rond-de-serviette-en-perles-silver-daily","status":"publish","type":"product","link":"https:\/\/casacumbia.com\/en\/produit\/rond-de-serviette-en-perles-silver-daily\/","title":{"rendered":"Rond de serviette Perles Silver DAILY"},"content":{"rendered":"<p>DAILY est la collection essentielle pour le quotidien en cuisine et \u00e0 table. Avec un design basique et fonctionnel, elle rassemble des accessoires pratiques qui facilitent vos t\u00e2ches quotidiennes, alliant durabilit\u00e9 et simplicit\u00e9 pour accompagner toutes les occasions, du petit-d\u00e9jeuner au d\u00eener. <\/p>\n","protected":false},"excerpt":{"rendered":"<p>DAILY est la collection essentielle pour le quotidien en cuisine et \u00e0 table. Avec un design basique et fonctionnel, elle<\/p>\n","protected":false},"featured_media":35948,"comment_status":"closed","ping_status":"closed","template":"","meta":[],"product_brand":[],"product_cat":[259],"product_tag":[181,176,166],"class_list":{"0":"post-51147","1":"product","2":"type-product","3":"status-publish","4":"has-post-thumbnail","6":"product_cat-lingetable","7":"product_tag-integre-pim","8":"product_tag-petites-dimensions","9":"product_tag-produits-en-ligne","11":"first","12":"instock","13":"shipping-taxable","14":"purchasable","15":"product-type-simple"},"_links":{"self":[{"href":"https:\/\/casacumbia.com\/en\/wp-json\/wp\/v2\/product\/51147","targetHints":{"allow":["GET"]}}],"collection":[{"href":"https:\/\/casacumbia.com\/en\/wp-json\/wp\/v2\/product"}],"about":[{"href":"https:\/\/casacumbia.com\/en\/wp-json\/wp\/v2\/types\/product"}],"replies":[{"embeddable":true,"href":"https:\/\/casacumbia.com\/en\/wp-json\/wp\/v2\/comments?post=51147"}],"version-history":[{"count":1,"href":"https:\/\/casacumbia.com\/en\/wp-json\/wp\/v2\/product\/51147\/revisions"}],"predecessor-version":[{"id":53331,"href":"https:\/\/casacumbia.com\/en\/wp-json\/wp\/v2\/product\/51147\/revisions\/53331"}],"wp:featuredmedia":[{"embeddable":true,"href":"https:\/\/casacumbia.com\/en\/wp-json\/wp\/v2\/media\/35948"}],"wp:attachment":[{"href":"https:\/\/casacumbia.com\/en\/wp-json\/wp\/v2\/media?parent=51147"}],"wp:term":[{"taxonomy":"product_brand","embeddable":true,"href":"https:\/\/casacumbia.com\/en\/wp-json\/wp\/v2\/product_brand?post=51147"},{"taxonomy":"product_cat","embeddable":true,"href":"https:\/\/casacumbia.com\/en\/wp-json\/wp\/v2\/product_cat?post=51147"},{"taxonomy":"product_tag","embeddable":true,"href":"https:\/\/casacumbia.com\/en\/wp-json\/wp\/v2\/product_tag?post=51147"}],"curies":[{"name":"wp","href":"https:\/\/api.w.org\/{rel}","templated":true}]}}