{"id":51142,"date":"2025-07-20T18:24:41","date_gmt":"2025-07-20T16:24:41","guid":{"rendered":"https:\/\/casacumbia.com\/product\/petite-terrine-rose-summer-pastels\/"},"modified":"2025-09-21T15:18:35","modified_gmt":"2025-09-21T13:18:35","slug":"petite-terrine-rose-summer-pastels","status":"publish","type":"product","link":"https:\/\/casacumbia.com\/en\/produit\/petite-terrine-rose-summer-pastels\/","title":{"rendered":"Terrine Petite Rose SUMMER PASTELS"},"content":{"rendered":"<p>Le Stoneware est du gr\u00e8s, un type d&#8217;argile qui a \u00e9t\u00e9 cuite \u00e0 des temp\u00e9ratures extr\u00eamement \u00e9lev\u00e9es pour produire un mat\u00e9riau durable et r\u00e9sistant aux \u00e9clats, capable de supporter l&#8217;usage quotidien.<\/p>\n","protected":false},"excerpt":{"rendered":"<p>Le Stoneware est du gr\u00e8s, un type d&#8217;argile qui a \u00e9t\u00e9 cuite \u00e0 des temp\u00e9ratures extr\u00eamement \u00e9lev\u00e9es pour produire un<\/p>\n","protected":false},"featured_media":35967,"comment_status":"closed","ping_status":"closed","template":"","meta":[],"product_brand":[],"product_cat":[204,322],"product_tag":[181,176,166],"class_list":{"0":"post-51142","1":"product","2":"type-product","3":"status-publish","4":"has-post-thumbnail","6":"product_cat-promotions-2","7":"product_cat-terrines-moules","8":"product_tag-integre-pim","9":"product_tag-petites-dimensions","10":"product_tag-produits-en-ligne","12":"first","13":"instock","14":"sale","15":"shipping-taxable","16":"purchasable","17":"product-type-simple"},"_links":{"self":[{"href":"https:\/\/casacumbia.com\/en\/wp-json\/wp\/v2\/product\/51142","targetHints":{"allow":["GET"]}}],"collection":[{"href":"https:\/\/casacumbia.com\/en\/wp-json\/wp\/v2\/product"}],"about":[{"href":"https:\/\/casacumbia.com\/en\/wp-json\/wp\/v2\/types\/product"}],"replies":[{"embeddable":true,"href":"https:\/\/casacumbia.com\/en\/wp-json\/wp\/v2\/comments?post=51142"}],"version-history":[{"count":1,"href":"https:\/\/casacumbia.com\/en\/wp-json\/wp\/v2\/product\/51142\/revisions"}],"predecessor-version":[{"id":52052,"href":"https:\/\/casacumbia.com\/en\/wp-json\/wp\/v2\/product\/51142\/revisions\/52052"}],"wp:featuredmedia":[{"embeddable":true,"href":"https:\/\/casacumbia.com\/en\/wp-json\/wp\/v2\/media\/35967"}],"wp:attachment":[{"href":"https:\/\/casacumbia.com\/en\/wp-json\/wp\/v2\/media?parent=51142"}],"wp:term":[{"taxonomy":"product_brand","embeddable":true,"href":"https:\/\/casacumbia.com\/en\/wp-json\/wp\/v2\/product_brand?post=51142"},{"taxonomy":"product_cat","embeddable":true,"href":"https:\/\/casacumbia.com\/en\/wp-json\/wp\/v2\/product_cat?post=51142"},{"taxonomy":"product_tag","embeddable":true,"href":"https:\/\/casacumbia.com\/en\/wp-json\/wp\/v2\/product_tag?post=51142"}],"curies":[{"name":"wp","href":"https:\/\/api.w.org\/{rel}","templated":true}]}}