{"id":51130,"date":"2025-07-20T18:24:41","date_gmt":"2025-07-20T16:24:41","guid":{"rendered":"https:\/\/casacumbia.com\/product\/travessa-rosa-pastels-dete\/"},"modified":"2025-09-21T15:18:32","modified_gmt":"2025-09-21T13:18:32","slug":"travessa-rosa-pastels-dete","status":"publish","type":"product","link":"https:\/\/casacumbia.com\/en\/produit\/travessa-rosa-pastels-dete\/","title":{"rendered":"Plat Rosa SUMMER PASTELS"},"content":{"rendered":"<p>Le gr\u00e8s est un type d&#8217;argile qui a \u00e9t\u00e9 cuite \u00e0 des temp\u00e9ratures extr\u00eamement \u00e9lev\u00e9es pour produire un mat\u00e9riau durable et r\u00e9sistant aux \u00e9clats, capable de supporter l&#8217;usage quotidien.<\/p>\n","protected":false},"excerpt":{"rendered":"<p>Le gr\u00e8s est un type d&#8217;argile qui a \u00e9t\u00e9 cuite \u00e0 des temp\u00e9ratures extr\u00eamement \u00e9lev\u00e9es pour produire un mat\u00e9riau durable<\/p>\n","protected":false},"featured_media":35987,"comment_status":"closed","ping_status":"closed","template":"","meta":[],"product_brand":[],"product_cat":[171,280,134,204,257],"product_tag":[181,176,166],"class_list":{"0":"post-51130","1":"product","2":"type-product","3":"status-publish","4":"has-post-thumbnail","6":"product_cat-table-2","7":"product_cat-platsetbol","8":"product_cat-promotions","9":"product_cat-promotions-2","10":"product_cat-services","11":"product_tag-integre-pim","12":"product_tag-petites-dimensions","13":"product_tag-produits-en-ligne","15":"first","16":"instock","17":"sale","18":"shipping-taxable","19":"purchasable","20":"product-type-simple"},"_links":{"self":[{"href":"https:\/\/casacumbia.com\/en\/wp-json\/wp\/v2\/product\/51130","targetHints":{"allow":["GET"]}}],"collection":[{"href":"https:\/\/casacumbia.com\/en\/wp-json\/wp\/v2\/product"}],"about":[{"href":"https:\/\/casacumbia.com\/en\/wp-json\/wp\/v2\/types\/product"}],"replies":[{"embeddable":true,"href":"https:\/\/casacumbia.com\/en\/wp-json\/wp\/v2\/comments?post=51130"}],"version-history":[{"count":2,"href":"https:\/\/casacumbia.com\/en\/wp-json\/wp\/v2\/product\/51130\/revisions"}],"predecessor-version":[{"id":54495,"href":"https:\/\/casacumbia.com\/en\/wp-json\/wp\/v2\/product\/51130\/revisions\/54495"}],"wp:featuredmedia":[{"embeddable":true,"href":"https:\/\/casacumbia.com\/en\/wp-json\/wp\/v2\/media\/35987"}],"wp:attachment":[{"href":"https:\/\/casacumbia.com\/en\/wp-json\/wp\/v2\/media?parent=51130"}],"wp:term":[{"taxonomy":"product_brand","embeddable":true,"href":"https:\/\/casacumbia.com\/en\/wp-json\/wp\/v2\/product_brand?post=51130"},{"taxonomy":"product_cat","embeddable":true,"href":"https:\/\/casacumbia.com\/en\/wp-json\/wp\/v2\/product_cat?post=51130"},{"taxonomy":"product_tag","embeddable":true,"href":"https:\/\/casacumbia.com\/en\/wp-json\/wp\/v2\/product_tag?post=51130"}],"curies":[{"name":"wp","href":"https:\/\/api.w.org\/{rel}","templated":true}]}}