{"id":51126,"date":"2025-07-20T18:24:42","date_gmt":"2025-07-20T16:24:42","guid":{"rendered":"https:\/\/casacumbia.com\/product\/carafe-en-verre-bleu-glass-2\/"},"modified":"2025-09-21T15:18:30","modified_gmt":"2025-09-21T13:18:30","slug":"carafe-en-verre-bleu-glass-2","status":"publish","type":"product","link":"https:\/\/casacumbia.com\/en\/produit\/carafe-en-verre-bleu-glass-2\/","title":{"rendered":"Carafe en Verre Bleu GLASS"},"content":{"rendered":"<p>Carafe en Verre Bleu GLASS. Une pi\u00e8ce essentielle de casacumbia, parfaite pour apporter une touche de style et de confort \u00e0 votre espace avec originalit\u00e9 et charme. <\/p>\n","protected":false},"excerpt":{"rendered":"<p>Carafe en Verre Bleu GLASS. Une pi\u00e8ce essentielle de casacumbia, parfaite pour apporter une touche de style et de confort<\/p>\n","protected":false},"featured_media":36020,"comment_status":"closed","ping_status":"closed","template":"","meta":[],"product_brand":[],"product_cat":[274,204],"product_tag":[181,176,166],"class_list":{"0":"post-51126","1":"product","2":"type-product","3":"status-publish","4":"has-post-thumbnail","6":"product_cat-pichet","7":"product_cat-promotions-2","8":"product_tag-integre-pim","9":"product_tag-petites-dimensions","10":"product_tag-produits-en-ligne","12":"first","13":"instock","14":"sale","15":"shipping-taxable","16":"purchasable","17":"product-type-simple"},"_links":{"self":[{"href":"https:\/\/casacumbia.com\/en\/wp-json\/wp\/v2\/product\/51126","targetHints":{"allow":["GET"]}}],"collection":[{"href":"https:\/\/casacumbia.com\/en\/wp-json\/wp\/v2\/product"}],"about":[{"href":"https:\/\/casacumbia.com\/en\/wp-json\/wp\/v2\/types\/product"}],"replies":[{"embeddable":true,"href":"https:\/\/casacumbia.com\/en\/wp-json\/wp\/v2\/comments?post=51126"}],"version-history":[{"count":2,"href":"https:\/\/casacumbia.com\/en\/wp-json\/wp\/v2\/product\/51126\/revisions"}],"predecessor-version":[{"id":54227,"href":"https:\/\/casacumbia.com\/en\/wp-json\/wp\/v2\/product\/51126\/revisions\/54227"}],"wp:featuredmedia":[{"embeddable":true,"href":"https:\/\/casacumbia.com\/en\/wp-json\/wp\/v2\/media\/36020"}],"wp:attachment":[{"href":"https:\/\/casacumbia.com\/en\/wp-json\/wp\/v2\/media?parent=51126"}],"wp:term":[{"taxonomy":"product_brand","embeddable":true,"href":"https:\/\/casacumbia.com\/en\/wp-json\/wp\/v2\/product_brand?post=51126"},{"taxonomy":"product_cat","embeddable":true,"href":"https:\/\/casacumbia.com\/en\/wp-json\/wp\/v2\/product_cat?post=51126"},{"taxonomy":"product_tag","embeddable":true,"href":"https:\/\/casacumbia.com\/en\/wp-json\/wp\/v2\/product_tag?post=51126"}],"curies":[{"name":"wp","href":"https:\/\/api.w.org\/{rel}","templated":true}]}}