{"id":51120,"date":"2025-07-20T18:24:42","date_gmt":"2025-07-20T16:24:42","guid":{"rendered":"https:\/\/casacumbia.com\/product\/ensemble-de-deux-paniers-en-rotin-naturel-et-noir-sublime\/"},"modified":"2025-09-21T15:18:28","modified_gmt":"2025-09-21T13:18:28","slug":"ensemble-de-deux-paniers-en-rotin-naturel-et-noir-sublime","status":"publish","type":"product","link":"https:\/\/casacumbia.com\/en\/produit\/ensemble-de-deux-paniers-en-rotin-naturel-et-noir-sublime\/","title":{"rendered":"Ensemble de Deux Paniers en Rotin Naturel et Noir SUBLIME"},"content":{"rendered":"<p>Ensemble de Deux Paniers en Rotin Naturel et Noir SUBLIME. Une pi\u00e8ce essentielle de casacumbia, parfaite pour apporter une touche de style et de confort \u00e0 votre espace avec originalit\u00e9 et charme. <\/p>\n","protected":false},"excerpt":{"rendered":"<p>Ensemble de Deux Paniers en Rotin Naturel et Noir SUBLIME. Une pi\u00e8ce essentielle de casacumbia, parfaite pour apporter une touche<\/p>\n","protected":false},"featured_media":36029,"comment_status":"closed","ping_status":"closed","template":"","meta":[],"product_brand":[],"product_cat":[290,204],"product_tag":[181,176,166],"class_list":{"0":"post-51120","1":"product","2":"type-product","3":"status-publish","4":"has-post-thumbnail","6":"product_cat-boites-paniers","7":"product_cat-promotions-2","8":"product_tag-integre-pim","9":"product_tag-petites-dimensions","10":"product_tag-produits-en-ligne","12":"first","13":"instock","14":"sale","15":"shipping-taxable","16":"purchasable","17":"product-type-simple"},"_links":{"self":[{"href":"https:\/\/casacumbia.com\/en\/wp-json\/wp\/v2\/product\/51120","targetHints":{"allow":["GET"]}}],"collection":[{"href":"https:\/\/casacumbia.com\/en\/wp-json\/wp\/v2\/product"}],"about":[{"href":"https:\/\/casacumbia.com\/en\/wp-json\/wp\/v2\/types\/product"}],"replies":[{"embeddable":true,"href":"https:\/\/casacumbia.com\/en\/wp-json\/wp\/v2\/comments?post=51120"}],"version-history":[{"count":2,"href":"https:\/\/casacumbia.com\/en\/wp-json\/wp\/v2\/product\/51120\/revisions"}],"predecessor-version":[{"id":54223,"href":"https:\/\/casacumbia.com\/en\/wp-json\/wp\/v2\/product\/51120\/revisions\/54223"}],"wp:featuredmedia":[{"embeddable":true,"href":"https:\/\/casacumbia.com\/en\/wp-json\/wp\/v2\/media\/36029"}],"wp:attachment":[{"href":"https:\/\/casacumbia.com\/en\/wp-json\/wp\/v2\/media?parent=51120"}],"wp:term":[{"taxonomy":"product_brand","embeddable":true,"href":"https:\/\/casacumbia.com\/en\/wp-json\/wp\/v2\/product_brand?post=51120"},{"taxonomy":"product_cat","embeddable":true,"href":"https:\/\/casacumbia.com\/en\/wp-json\/wp\/v2\/product_cat?post=51120"},{"taxonomy":"product_tag","embeddable":true,"href":"https:\/\/casacumbia.com\/en\/wp-json\/wp\/v2\/product_tag?post=51120"}],"curies":[{"name":"wp","href":"https:\/\/api.w.org\/{rel}","templated":true}]}}