{"id":51113,"date":"2025-07-20T18:24:53","date_gmt":"2025-07-20T16:24:53","guid":{"rendered":"https:\/\/casacumbia.com\/product\/panier-en-metal-jaune-summer-pastels\/"},"modified":"2025-09-21T15:18:27","modified_gmt":"2025-09-21T13:18:27","slug":"panier-en-metal-jaune-summer-pastels","status":"publish","type":"product","link":"https:\/\/casacumbia.com\/en\/produit\/panier-en-metal-jaune-summer-pastels\/","title":{"rendered":"Panier en M\u00e9tal Jaune SUMMER PASTELS"},"content":{"rendered":"<p>Les pastels sont rest\u00e9s \u00e0 l&#8217;avant-garde des grandes couleurs de l&#8217;\u00e9t\u00e9 et ne vont pas dispara\u00eetre de sit\u00f4t gr\u00e2ce \u00e0 la vaste polyvalence des tons. Ils fonctionnent tr\u00e8s bien avec une vari\u00e9t\u00e9 de palettes de couleurs et offrent un aspect jeune et sophistiqu\u00e9. Jaune Citron : la tonalit\u00e9 citrique combin\u00e9e au blanc offre un contraste frais et net. Jaune Citron : la tonalit\u00e9 citrique combin\u00e9e au blanc offre un contraste frais et net.   <\/p>\n","protected":false},"excerpt":{"rendered":"<p>Les pastels sont rest\u00e9s \u00e0 l&#8217;avant-garde des grandes couleurs de l&#8217;\u00e9t\u00e9 et ne vont pas dispara\u00eetre de sit\u00f4t gr\u00e2ce \u00e0<\/p>\n","protected":false},"featured_media":36082,"comment_status":"closed","ping_status":"closed","template":"","meta":[],"product_brand":[],"product_cat":[290,204],"product_tag":[181,176,166],"class_list":{"0":"post-51113","1":"product","2":"type-product","3":"status-publish","4":"has-post-thumbnail","6":"product_cat-boites-paniers","7":"product_cat-promotions-2","8":"product_tag-integre-pim","9":"product_tag-petites-dimensions","10":"product_tag-produits-en-ligne","12":"first","13":"instock","14":"sale","15":"shipping-taxable","16":"purchasable","17":"product-type-simple"},"_links":{"self":[{"href":"https:\/\/casacumbia.com\/en\/wp-json\/wp\/v2\/product\/51113","targetHints":{"allow":["GET"]}}],"collection":[{"href":"https:\/\/casacumbia.com\/en\/wp-json\/wp\/v2\/product"}],"about":[{"href":"https:\/\/casacumbia.com\/en\/wp-json\/wp\/v2\/types\/product"}],"replies":[{"embeddable":true,"href":"https:\/\/casacumbia.com\/en\/wp-json\/wp\/v2\/comments?post=51113"}],"version-history":[{"count":1,"href":"https:\/\/casacumbia.com\/en\/wp-json\/wp\/v2\/product\/51113\/revisions"}],"predecessor-version":[{"id":52073,"href":"https:\/\/casacumbia.com\/en\/wp-json\/wp\/v2\/product\/51113\/revisions\/52073"}],"wp:featuredmedia":[{"embeddable":true,"href":"https:\/\/casacumbia.com\/en\/wp-json\/wp\/v2\/media\/36082"}],"wp:attachment":[{"href":"https:\/\/casacumbia.com\/en\/wp-json\/wp\/v2\/media?parent=51113"}],"wp:term":[{"taxonomy":"product_brand","embeddable":true,"href":"https:\/\/casacumbia.com\/en\/wp-json\/wp\/v2\/product_brand?post=51113"},{"taxonomy":"product_cat","embeddable":true,"href":"https:\/\/casacumbia.com\/en\/wp-json\/wp\/v2\/product_cat?post=51113"},{"taxonomy":"product_tag","embeddable":true,"href":"https:\/\/casacumbia.com\/en\/wp-json\/wp\/v2\/product_tag?post=51113"}],"curies":[{"name":"wp","href":"https:\/\/api.w.org\/{rel}","templated":true}]}}