{"id":51104,"date":"2025-07-20T18:24:53","date_gmt":"2025-07-20T16:24:53","guid":{"rendered":"https:\/\/casacumbia.com\/product\/distributeur-de-detergent-avec-eponge-rose-summer-pastels\/"},"modified":"2025-09-21T15:18:24","modified_gmt":"2025-09-21T13:18:24","slug":"distributeur-de-detergent-avec-eponge-rose-summer-pastels","status":"publish","type":"product","link":"https:\/\/casacumbia.com\/en\/produit\/distributeur-de-detergent-avec-eponge-rose-summer-pastels\/","title":{"rendered":"Distributeur de liquide vaisselle Rose SUMMER PASTELS"},"content":{"rendered":"<p>Les pastels sont rest\u00e9s \u00e0 l&#8217;avant-garde des grandes couleurs de l&#8217;\u00e9t\u00e9 et ne vont pas dispara\u00eetre de sit\u00f4t gr\u00e2ce \u00e0 la vaste polyvalence des tons. Ils fonctionnent tr\u00e8s bien avec une vari\u00e9t\u00e9 de palettes de couleurs et offrent un aspect jeune et sophistiqu\u00e9. Rose Blush : La couleur a une sensation \u00e0 la fois apaisante et attrayante.  <\/p>\n","protected":false},"excerpt":{"rendered":"<p>Les pastels sont rest\u00e9s \u00e0 l&#8217;avant-garde des grandes couleurs de l&#8217;\u00e9t\u00e9 et ne vont pas dispara\u00eetre de sit\u00f4t gr\u00e2ce \u00e0<\/p>\n","protected":false},"featured_media":36094,"comment_status":"closed","ping_status":"closed","template":"","meta":[],"product_brand":[],"product_cat":[204,252],"product_tag":[181,176,166],"class_list":{"0":"post-51104","1":"product","2":"type-product","3":"status-publish","4":"has-post-thumbnail","6":"product_cat-promotions-2","7":"product_cat-ustensiles","8":"product_tag-integre-pim","9":"product_tag-petites-dimensions","10":"product_tag-produits-en-ligne","12":"first","13":"instock","14":"sale","15":"shipping-taxable","16":"purchasable","17":"product-type-simple"},"_links":{"self":[{"href":"https:\/\/casacumbia.com\/en\/wp-json\/wp\/v2\/product\/51104","targetHints":{"allow":["GET"]}}],"collection":[{"href":"https:\/\/casacumbia.com\/en\/wp-json\/wp\/v2\/product"}],"about":[{"href":"https:\/\/casacumbia.com\/en\/wp-json\/wp\/v2\/types\/product"}],"replies":[{"embeddable":true,"href":"https:\/\/casacumbia.com\/en\/wp-json\/wp\/v2\/comments?post=51104"}],"version-history":[{"count":2,"href":"https:\/\/casacumbia.com\/en\/wp-json\/wp\/v2\/product\/51104\/revisions"}],"predecessor-version":[{"id":54463,"href":"https:\/\/casacumbia.com\/en\/wp-json\/wp\/v2\/product\/51104\/revisions\/54463"}],"wp:featuredmedia":[{"embeddable":true,"href":"https:\/\/casacumbia.com\/en\/wp-json\/wp\/v2\/media\/36094"}],"wp:attachment":[{"href":"https:\/\/casacumbia.com\/en\/wp-json\/wp\/v2\/media?parent=51104"}],"wp:term":[{"taxonomy":"product_brand","embeddable":true,"href":"https:\/\/casacumbia.com\/en\/wp-json\/wp\/v2\/product_brand?post=51104"},{"taxonomy":"product_cat","embeddable":true,"href":"https:\/\/casacumbia.com\/en\/wp-json\/wp\/v2\/product_cat?post=51104"},{"taxonomy":"product_tag","embeddable":true,"href":"https:\/\/casacumbia.com\/en\/wp-json\/wp\/v2\/product_tag?post=51104"}],"curies":[{"name":"wp","href":"https:\/\/api.w.org\/{rel}","templated":true}]}}