{"id":51102,"date":"2025-07-20T18:24:54","date_gmt":"2025-07-20T16:24:54","guid":{"rendered":"https:\/\/casacumbia.com\/product\/assiette-plate-rose-baikal\/"},"modified":"2025-09-21T15:18:24","modified_gmt":"2025-09-21T13:18:24","slug":"assiette-plate-rose-baikal","status":"publish","type":"product","link":"https:\/\/casacumbia.com\/en\/produit\/assiette-plate-rose-baikal\/","title":{"rendered":"Assiette Plate Rose BAIKAL"},"content":{"rendered":"<p>La collection Baikal s&#8217;inspire des couleurs du lac Ba\u00efkal, un ancien et vaste lac russe au nord de la fronti\u00e8re avec la Mongolie. Consid\u00e9r\u00e9 comme le lac le plus profond du monde, il est entour\u00e9 d&#8217;un r\u00e9seau de sentiers de randonn\u00e9e appel\u00e9 Great Baikal Trail.<br \/>Un service en gr\u00e8s, disponible en 3 couleurs : Gris, Rose et Vert, tr\u00e8s polyvalent, car en plus des pi\u00e8ces de format circulaire pour le quotidien, il comprend \u00e9galement une assiette rectangulaire et une mini assiette, parfaites pour un repas de sushi. <\/p>\n","protected":false},"excerpt":{"rendered":"<p>La collection Baikal s&#8217;inspire des couleurs du lac Ba\u00efkal, un ancien et vaste lac russe au nord de la fronti\u00e8re<\/p>\n","protected":false},"featured_media":36125,"comment_status":"closed","ping_status":"closed","template":"","meta":[],"product_brand":[],"product_cat":[283,174,204],"product_tag":[181,176,166],"class_list":{"0":"post-51102","1":"product","2":"type-product","3":"status-publish","4":"has-post-thumbnail","6":"product_cat-assiettes","7":"product_cat-kitchen-2","8":"product_cat-promotions-2","9":"product_tag-integre-pim","10":"product_tag-petites-dimensions","11":"product_tag-produits-en-ligne","13":"first","14":"instock","15":"sale","16":"shipping-taxable","17":"purchasable","18":"product-type-simple"},"_links":{"self":[{"href":"https:\/\/casacumbia.com\/en\/wp-json\/wp\/v2\/product\/51102","targetHints":{"allow":["GET"]}}],"collection":[{"href":"https:\/\/casacumbia.com\/en\/wp-json\/wp\/v2\/product"}],"about":[{"href":"https:\/\/casacumbia.com\/en\/wp-json\/wp\/v2\/types\/product"}],"replies":[{"embeddable":true,"href":"https:\/\/casacumbia.com\/en\/wp-json\/wp\/v2\/comments?post=51102"}],"version-history":[{"count":1,"href":"https:\/\/casacumbia.com\/en\/wp-json\/wp\/v2\/product\/51102\/revisions"}],"predecessor-version":[{"id":51969,"href":"https:\/\/casacumbia.com\/en\/wp-json\/wp\/v2\/product\/51102\/revisions\/51969"}],"wp:featuredmedia":[{"embeddable":true,"href":"https:\/\/casacumbia.com\/en\/wp-json\/wp\/v2\/media\/36125"}],"wp:attachment":[{"href":"https:\/\/casacumbia.com\/en\/wp-json\/wp\/v2\/media?parent=51102"}],"wp:term":[{"taxonomy":"product_brand","embeddable":true,"href":"https:\/\/casacumbia.com\/en\/wp-json\/wp\/v2\/product_brand?post=51102"},{"taxonomy":"product_cat","embeddable":true,"href":"https:\/\/casacumbia.com\/en\/wp-json\/wp\/v2\/product_cat?post=51102"},{"taxonomy":"product_tag","embeddable":true,"href":"https:\/\/casacumbia.com\/en\/wp-json\/wp\/v2\/product_tag?post=51102"}],"curies":[{"name":"wp","href":"https:\/\/api.w.org\/{rel}","templated":true}]}}