{"id":51099,"date":"2025-07-20T18:24:54","date_gmt":"2025-07-20T16:24:54","guid":{"rendered":"https:\/\/casacumbia.com\/product\/carafe-reversible-wine\/"},"modified":"2025-09-21T15:18:22","modified_gmt":"2025-09-21T13:18:22","slug":"carafe-reversible-wine","status":"publish","type":"product","link":"https:\/\/casacumbia.com\/en\/produit\/carafe-reversible-wine\/","title":{"rendered":"Carafe R\u00e9versible WINE"},"content":{"rendered":"<p>La collection WINE c\u00e9l\u00e8bre le rituel du vin avec des carafes et d\u00e9canteurs au design intemporel, qui valorisent l&#8217;exp\u00e9rience de d\u00e9gustation. Pi\u00e8ces sophistiqu\u00e9es et fonctionnelles, con\u00e7ues pour pr\u00e9server les ar\u00f4mes et rehausser les saveurs, id\u00e9ales pour les moments qui m\u00e9ritent d&#8217;\u00eatre appr\u00e9ci\u00e9s avec style. <\/p>\n","protected":false},"excerpt":{"rendered":"<p>La collection WINE c\u00e9l\u00e8bre le rituel du vin avec des carafes et d\u00e9canteurs au design intemporel, qui valorisent l&#8217;exp\u00e9rience de<\/p>\n","protected":false},"featured_media":36135,"comment_status":"closed","ping_status":"closed","template":"","meta":[],"product_brand":[],"product_cat":[274],"product_tag":[181,176,166],"class_list":{"0":"post-51099","1":"product","2":"type-product","3":"status-publish","4":"has-post-thumbnail","6":"product_cat-pichet","7":"product_tag-integre-pim","8":"product_tag-petites-dimensions","9":"product_tag-produits-en-ligne","11":"first","12":"instock","13":"shipping-taxable","14":"purchasable","15":"product-type-simple"},"_links":{"self":[{"href":"https:\/\/casacumbia.com\/en\/wp-json\/wp\/v2\/product\/51099","targetHints":{"allow":["GET"]}}],"collection":[{"href":"https:\/\/casacumbia.com\/en\/wp-json\/wp\/v2\/product"}],"about":[{"href":"https:\/\/casacumbia.com\/en\/wp-json\/wp\/v2\/types\/product"}],"replies":[{"embeddable":true,"href":"https:\/\/casacumbia.com\/en\/wp-json\/wp\/v2\/comments?post=51099"}],"version-history":[{"count":1,"href":"https:\/\/casacumbia.com\/en\/wp-json\/wp\/v2\/product\/51099\/revisions"}],"predecessor-version":[{"id":51974,"href":"https:\/\/casacumbia.com\/en\/wp-json\/wp\/v2\/product\/51099\/revisions\/51974"}],"wp:featuredmedia":[{"embeddable":true,"href":"https:\/\/casacumbia.com\/en\/wp-json\/wp\/v2\/media\/36135"}],"wp:attachment":[{"href":"https:\/\/casacumbia.com\/en\/wp-json\/wp\/v2\/media?parent=51099"}],"wp:term":[{"taxonomy":"product_brand","embeddable":true,"href":"https:\/\/casacumbia.com\/en\/wp-json\/wp\/v2\/product_brand?post=51099"},{"taxonomy":"product_cat","embeddable":true,"href":"https:\/\/casacumbia.com\/en\/wp-json\/wp\/v2\/product_cat?post=51099"},{"taxonomy":"product_tag","embeddable":true,"href":"https:\/\/casacumbia.com\/en\/wp-json\/wp\/v2\/product_tag?post=51099"}],"curies":[{"name":"wp","href":"https:\/\/api.w.org\/{rel}","templated":true}]}}