{"id":51098,"date":"2025-07-20T18:24:54","date_gmt":"2025-07-20T16:24:54","guid":{"rendered":"https:\/\/casacumbia.com\/product\/ensemble-de-2-verres-bas-azteca\/"},"modified":"2025-09-21T15:18:21","modified_gmt":"2025-09-21T13:18:21","slug":"ensemble-de-2-verres-bas-azteca","status":"publish","type":"product","link":"https:\/\/casacumbia.com\/en\/produit\/ensemble-de-2-verres-bas-azteca\/","title":{"rendered":"Ensemble 2 Verres Bas AZTECA"},"content":{"rendered":"<p>Noir, blanc et dor\u00e9 pour trinquer avec style.<br \/>Inspir\u00e9e par les symboles et tr\u00e9sors de la civilisation azt\u00e8que, cette collection c\u00e9l\u00e8bre l&#8217;or, la renaissance et l&#8217;\u00e9nergie du Soleil.<br \/>Id\u00e9ale pour le passage \u00e0 la nouvelle ann\u00e9e et les f\u00eates o\u00f9 chaque d\u00e9tail compte.<\/p>\n","protected":false},"excerpt":{"rendered":"<p>Noir, blanc et dor\u00e9 pour trinquer avec style.Inspir\u00e9e par les symboles et tr\u00e9sors de la civilisation azt\u00e8que, cette collection c\u00e9l\u00e8bre<\/p>\n","protected":false},"featured_media":36153,"comment_status":"closed","ping_status":"closed","template":"","meta":[],"product_brand":[],"product_cat":[174,204,255],"product_tag":[181,176,166],"class_list":{"0":"post-51098","1":"product","2":"type-product","3":"status-publish","4":"has-post-thumbnail","6":"product_cat-kitchen-2","7":"product_cat-promotions-2","8":"product_cat-verres","9":"product_tag-integre-pim","10":"product_tag-petites-dimensions","11":"product_tag-produits-en-ligne","13":"first","14":"instock","15":"sale","16":"shipping-taxable","17":"purchasable","18":"product-type-simple"},"_links":{"self":[{"href":"https:\/\/casacumbia.com\/en\/wp-json\/wp\/v2\/product\/51098","targetHints":{"allow":["GET"]}}],"collection":[{"href":"https:\/\/casacumbia.com\/en\/wp-json\/wp\/v2\/product"}],"about":[{"href":"https:\/\/casacumbia.com\/en\/wp-json\/wp\/v2\/types\/product"}],"replies":[{"embeddable":true,"href":"https:\/\/casacumbia.com\/en\/wp-json\/wp\/v2\/comments?post=51098"}],"version-history":[{"count":1,"href":"https:\/\/casacumbia.com\/en\/wp-json\/wp\/v2\/product\/51098\/revisions"}],"predecessor-version":[{"id":52084,"href":"https:\/\/casacumbia.com\/en\/wp-json\/wp\/v2\/product\/51098\/revisions\/52084"}],"wp:featuredmedia":[{"embeddable":true,"href":"https:\/\/casacumbia.com\/en\/wp-json\/wp\/v2\/media\/36153"}],"wp:attachment":[{"href":"https:\/\/casacumbia.com\/en\/wp-json\/wp\/v2\/media?parent=51098"}],"wp:term":[{"taxonomy":"product_brand","embeddable":true,"href":"https:\/\/casacumbia.com\/en\/wp-json\/wp\/v2\/product_brand?post=51098"},{"taxonomy":"product_cat","embeddable":true,"href":"https:\/\/casacumbia.com\/en\/wp-json\/wp\/v2\/product_cat?post=51098"},{"taxonomy":"product_tag","embeddable":true,"href":"https:\/\/casacumbia.com\/en\/wp-json\/wp\/v2\/product_tag?post=51098"}],"curies":[{"name":"wp","href":"https:\/\/api.w.org\/{rel}","templated":true}]}}