{"id":51097,"date":"2025-07-20T18:24:54","date_gmt":"2025-07-20T16:24:54","guid":{"rendered":"https:\/\/casacumbia.com\/product\/ensemble-de-2-flutes-iris\/"},"modified":"2025-09-21T15:18:21","modified_gmt":"2025-09-21T13:18:21","slug":"ensemble-de-2-flutes-iris","status":"publish","type":"product","link":"https:\/\/casacumbia.com\/en\/produit\/ensemble-de-2-flutes-iris\/","title":{"rendered":"Ensemble 2 Fl\u00fbtes \u00cdRIS"},"content":{"rendered":"<p>La collection \u00cdRIS propose des produits vibrants avec des finitions iridescentes et des tons n\u00e9on, pour ceux qui souhaitent ajouter de l&#8217;\u00e9nergie et de la modernit\u00e9 au quotidien. Une explosion de couleur et de lumi\u00e8re qui transforme n&#8217;importe quel environnement avec un style unique et contemporain. <\/p>\n","protected":false},"excerpt":{"rendered":"<p>La collection \u00cdRIS propose des produits vibrants avec des finitions iridescentes et des tons n\u00e9on, pour ceux qui souhaitent ajouter<\/p>\n","protected":false},"featured_media":36157,"comment_status":"closed","ping_status":"closed","template":"","meta":[],"product_brand":[],"product_cat":[204,255],"product_tag":[181,176,166],"class_list":{"0":"post-51097","1":"product","2":"type-product","3":"status-publish","4":"has-post-thumbnail","6":"product_cat-promotions-2","7":"product_cat-verres","8":"product_tag-integre-pim","9":"product_tag-petites-dimensions","10":"product_tag-produits-en-ligne","12":"first","13":"instock","14":"sale","15":"shipping-taxable","16":"purchasable","17":"product-type-simple"},"_links":{"self":[{"href":"https:\/\/casacumbia.com\/en\/wp-json\/wp\/v2\/product\/51097","targetHints":{"allow":["GET"]}}],"collection":[{"href":"https:\/\/casacumbia.com\/en\/wp-json\/wp\/v2\/product"}],"about":[{"href":"https:\/\/casacumbia.com\/en\/wp-json\/wp\/v2\/types\/product"}],"replies":[{"embeddable":true,"href":"https:\/\/casacumbia.com\/en\/wp-json\/wp\/v2\/comments?post=51097"}],"version-history":[{"count":1,"href":"https:\/\/casacumbia.com\/en\/wp-json\/wp\/v2\/product\/51097\/revisions"}],"predecessor-version":[{"id":52082,"href":"https:\/\/casacumbia.com\/en\/wp-json\/wp\/v2\/product\/51097\/revisions\/52082"}],"wp:featuredmedia":[{"embeddable":true,"href":"https:\/\/casacumbia.com\/en\/wp-json\/wp\/v2\/media\/36157"}],"wp:attachment":[{"href":"https:\/\/casacumbia.com\/en\/wp-json\/wp\/v2\/media?parent=51097"}],"wp:term":[{"taxonomy":"product_brand","embeddable":true,"href":"https:\/\/casacumbia.com\/en\/wp-json\/wp\/v2\/product_brand?post=51097"},{"taxonomy":"product_cat","embeddable":true,"href":"https:\/\/casacumbia.com\/en\/wp-json\/wp\/v2\/product_cat?post=51097"},{"taxonomy":"product_tag","embeddable":true,"href":"https:\/\/casacumbia.com\/en\/wp-json\/wp\/v2\/product_tag?post=51097"}],"curies":[{"name":"wp","href":"https:\/\/api.w.org\/{rel}","templated":true}]}}