{"id":51096,"date":"2025-07-20T18:24:54","date_gmt":"2025-07-20T16:24:54","guid":{"rendered":"https:\/\/casacumbia.com\/product\/verre-haut-285ml-party\/"},"modified":"2025-09-21T15:18:21","modified_gmt":"2025-09-21T13:18:21","slug":"verre-haut-285ml-party","status":"publish","type":"product","link":"https:\/\/casacumbia.com\/en\/produit\/verre-haut-285ml-party\/","title":{"rendered":"Verre Haut 285ml PARTY"},"content":{"rendered":"<p>Une collection de compl\u00e9ments de table et d&#8217;accessoires de bar cr\u00e9\u00e9e pour transformer chaque occasion en un moment m\u00e9morable.<br \/>Des d\u00eeners intimes aux c\u00e9l\u00e9brations vibrantes, PARTY \u00e9l\u00e8ve l&#8217;exp\u00e9rience avec des pi\u00e8ces marquantes, fonctionnelles et pleines de personnalit\u00e9.<\/p>\n","protected":false},"excerpt":{"rendered":"<p>Une collection de compl\u00e9ments de table et d&#8217;accessoires de bar cr\u00e9\u00e9e pour transformer chaque occasion en un moment m\u00e9morable.Des d\u00eeners<\/p>\n","protected":false},"featured_media":36141,"comment_status":"closed","ping_status":"closed","template":"","meta":[],"product_brand":[],"product_cat":[255],"product_tag":[181,176,166],"class_list":{"0":"post-51096","1":"product","2":"type-product","3":"status-publish","4":"has-post-thumbnail","6":"product_cat-verres","7":"product_tag-integre-pim","8":"product_tag-petites-dimensions","9":"product_tag-produits-en-ligne","11":"first","12":"instock","13":"shipping-taxable","14":"purchasable","15":"product-type-simple"},"_links":{"self":[{"href":"https:\/\/casacumbia.com\/en\/wp-json\/wp\/v2\/product\/51096","targetHints":{"allow":["GET"]}}],"collection":[{"href":"https:\/\/casacumbia.com\/en\/wp-json\/wp\/v2\/product"}],"about":[{"href":"https:\/\/casacumbia.com\/en\/wp-json\/wp\/v2\/types\/product"}],"replies":[{"embeddable":true,"href":"https:\/\/casacumbia.com\/en\/wp-json\/wp\/v2\/comments?post=51096"}],"version-history":[{"count":1,"href":"https:\/\/casacumbia.com\/en\/wp-json\/wp\/v2\/product\/51096\/revisions"}],"predecessor-version":[{"id":51972,"href":"https:\/\/casacumbia.com\/en\/wp-json\/wp\/v2\/product\/51096\/revisions\/51972"}],"wp:featuredmedia":[{"embeddable":true,"href":"https:\/\/casacumbia.com\/en\/wp-json\/wp\/v2\/media\/36141"}],"wp:attachment":[{"href":"https:\/\/casacumbia.com\/en\/wp-json\/wp\/v2\/media?parent=51096"}],"wp:term":[{"taxonomy":"product_brand","embeddable":true,"href":"https:\/\/casacumbia.com\/en\/wp-json\/wp\/v2\/product_brand?post=51096"},{"taxonomy":"product_cat","embeddable":true,"href":"https:\/\/casacumbia.com\/en\/wp-json\/wp\/v2\/product_cat?post=51096"},{"taxonomy":"product_tag","embeddable":true,"href":"https:\/\/casacumbia.com\/en\/wp-json\/wp\/v2\/product_tag?post=51096"}],"curies":[{"name":"wp","href":"https:\/\/api.w.org\/{rel}","templated":true}]}}