{"id":51089,"date":"2025-07-20T18:23:26","date_gmt":"2025-07-20T16:23:26","guid":{"rendered":"https:\/\/casacumbia.com\/product\/decoration-en-verre-en-forme-de-donut-rose-9cm-kitsch\/"},"modified":"2025-09-21T15:18:18","modified_gmt":"2025-09-21T13:18:18","slug":"decoration-en-verre-en-forme-de-donut-rose-9cm-kitsch","status":"publish","type":"product","link":"https:\/\/casacumbia.com\/en\/produit\/decoration-en-verre-en-forme-de-donut-rose-9cm-kitsch\/","title":{"rendered":"Ornement en Verre Donut Rose 9cm KITSCH"},"content":{"rendered":"<p><span data-sheets-root=\"1\">Un No\u00ebl irr\u00e9v\u00e9rencieux, o\u00f9 la r\u00e9interpr\u00e9tation d&#8217;ic\u00f4nes classiques prend vie \u00e0 travers de nouvelles couleurs et de nouveaux styles. Avec une forte inspiration r\u00e9tro, ce th\u00e8me m\u00e9lange des couleurs amusantes et des \u00e9l\u00e9ments du quotidien, c\u00e9l\u00e9brant l&#8217;exag\u00e9ration avec charme.  <\/span><\/p>\n","protected":false},"excerpt":{"rendered":"<p>Un No\u00ebl irr\u00e9v\u00e9rencieux, o\u00f9 la r\u00e9interpr\u00e9tation d&#8217;ic\u00f4nes classiques prend vie \u00e0 travers de nouvelles couleurs et de nouveaux styles. Avec<\/p>\n","protected":false},"featured_media":35241,"comment_status":"closed","ping_status":"closed","template":"","meta":[],"product_brand":[],"product_cat":[278],"product_tag":[181,176,166],"class_list":{"0":"post-51089","1":"product","2":"type-product","3":"status-publish","4":"has-post-thumbnail","6":"product_cat-boules","7":"product_tag-integre-pim","8":"product_tag-petites-dimensions","9":"product_tag-produits-en-ligne","11":"first","12":"instock","13":"shipping-taxable","14":"purchasable","15":"product-type-simple"},"_links":{"self":[{"href":"https:\/\/casacumbia.com\/en\/wp-json\/wp\/v2\/product\/51089","targetHints":{"allow":["GET"]}}],"collection":[{"href":"https:\/\/casacumbia.com\/en\/wp-json\/wp\/v2\/product"}],"about":[{"href":"https:\/\/casacumbia.com\/en\/wp-json\/wp\/v2\/types\/product"}],"replies":[{"embeddable":true,"href":"https:\/\/casacumbia.com\/en\/wp-json\/wp\/v2\/comments?post=51089"}],"version-history":[{"count":1,"href":"https:\/\/casacumbia.com\/en\/wp-json\/wp\/v2\/product\/51089\/revisions"}],"predecessor-version":[{"id":52191,"href":"https:\/\/casacumbia.com\/en\/wp-json\/wp\/v2\/product\/51089\/revisions\/52191"}],"wp:featuredmedia":[{"embeddable":true,"href":"https:\/\/casacumbia.com\/en\/wp-json\/wp\/v2\/media\/35241"}],"wp:attachment":[{"href":"https:\/\/casacumbia.com\/en\/wp-json\/wp\/v2\/media?parent=51089"}],"wp:term":[{"taxonomy":"product_brand","embeddable":true,"href":"https:\/\/casacumbia.com\/en\/wp-json\/wp\/v2\/product_brand?post=51089"},{"taxonomy":"product_cat","embeddable":true,"href":"https:\/\/casacumbia.com\/en\/wp-json\/wp\/v2\/product_cat?post=51089"},{"taxonomy":"product_tag","embeddable":true,"href":"https:\/\/casacumbia.com\/en\/wp-json\/wp\/v2\/product_tag?post=51089"}],"curies":[{"name":"wp","href":"https:\/\/api.w.org\/{rel}","templated":true}]}}