{"id":51079,"date":"2025-07-20T18:23:27","date_gmt":"2025-07-20T16:23:27","guid":{"rendered":"https:\/\/casacumbia.com\/product\/decoration-sucette-rouge-et-blanche-16cm-cozy\/"},"modified":"2025-09-21T15:18:16","modified_gmt":"2025-09-21T13:18:16","slug":"decoration-sucette-rouge-et-blanche-16cm-cozy","status":"publish","type":"product","link":"https:\/\/casacumbia.com\/en\/produit\/decoration-sucette-rouge-et-blanche-16cm-cozy\/","title":{"rendered":"D\u00e9coration Sucette Rouge et Blanche 16cm COZY"},"content":{"rendered":"<p>Ce No\u00ebl s&#8217;inspire du confort du chalet de montagne, o\u00f9 la chaleur de la flanelle, les motifs \u00e0 carreaux et les textures cr\u00e9ent une atmosph\u00e8re r\u00e9confortante. Les d\u00e9tails avec une touche artisanale renforcent l&#8217;authenticit\u00e9 de la saison, invitant \u00e0 vivre un No\u00ebl simple, chaleureux et plein d&#8217;\u00e2me. <\/p>\n","protected":false},"excerpt":{"rendered":"<p>Ce No\u00ebl s&#8217;inspire du confort du chalet de montagne, o\u00f9 la chaleur de la flanelle, les motifs \u00e0 carreaux et<\/p>\n","protected":false},"featured_media":35263,"comment_status":"closed","ping_status":"closed","template":"","meta":[],"product_brand":[],"product_cat":[276],"product_tag":[181,176,166],"class_list":{"0":"post-51079","1":"product","2":"type-product","3":"status-publish","4":"has-post-thumbnail","6":"product_cat-deconoel","7":"product_tag-integre-pim","8":"product_tag-petites-dimensions","9":"product_tag-produits-en-ligne","11":"first","12":"instock","13":"shipping-taxable","14":"purchasable","15":"product-type-simple"},"_links":{"self":[{"href":"https:\/\/casacumbia.com\/en\/wp-json\/wp\/v2\/product\/51079","targetHints":{"allow":["GET"]}}],"collection":[{"href":"https:\/\/casacumbia.com\/en\/wp-json\/wp\/v2\/product"}],"about":[{"href":"https:\/\/casacumbia.com\/en\/wp-json\/wp\/v2\/types\/product"}],"replies":[{"embeddable":true,"href":"https:\/\/casacumbia.com\/en\/wp-json\/wp\/v2\/comments?post=51079"}],"version-history":[{"count":1,"href":"https:\/\/casacumbia.com\/en\/wp-json\/wp\/v2\/product\/51079\/revisions"}],"predecessor-version":[{"id":53295,"href":"https:\/\/casacumbia.com\/en\/wp-json\/wp\/v2\/product\/51079\/revisions\/53295"}],"wp:featuredmedia":[{"embeddable":true,"href":"https:\/\/casacumbia.com\/en\/wp-json\/wp\/v2\/media\/35263"}],"wp:attachment":[{"href":"https:\/\/casacumbia.com\/en\/wp-json\/wp\/v2\/media?parent=51079"}],"wp:term":[{"taxonomy":"product_brand","embeddable":true,"href":"https:\/\/casacumbia.com\/en\/wp-json\/wp\/v2\/product_brand?post=51079"},{"taxonomy":"product_cat","embeddable":true,"href":"https:\/\/casacumbia.com\/en\/wp-json\/wp\/v2\/product_cat?post=51079"},{"taxonomy":"product_tag","embeddable":true,"href":"https:\/\/casacumbia.com\/en\/wp-json\/wp\/v2\/product_tag?post=51079"}],"curies":[{"name":"wp","href":"https:\/\/api.w.org\/{rel}","templated":true}]}}