{"id":51041,"date":"2025-07-20T18:23:47","date_gmt":"2025-07-20T16:23:47","guid":{"rendered":"https:\/\/casacumbia.com\/product\/ensemble-de-lingettes-en-coton-vert-clair-five-stars\/"},"modified":"2025-09-21T15:18:06","modified_gmt":"2025-09-21T13:18:06","slug":"ensemble-de-lingettes-en-coton-vert-clair-five-stars","status":"publish","type":"product","link":"https:\/\/casacumbia.com\/en\/produit\/ensemble-de-lingettes-en-coton-vert-clair-five-stars\/","title":{"rendered":"Ensemble de Serviettes Coton Vert Clair FIVE STARS"},"content":{"rendered":"<p>Les serviettes de bain casacumbia sont fabriqu\u00e9es au Portugal\/produit 100 % portugais synonyme de qualit\u00e9 dans la mati\u00e8re premi\u00e8re et les finitions. La gamme Five Stars avec 650 gr conf\u00e8re une texture plus moelleuse et douce pour un confort maximal. <\/p>\n","protected":false},"excerpt":{"rendered":"<p>Les serviettes de bain casacumbia sont fabriqu\u00e9es au Portugal\/produit 100 % portugais synonyme de qualit\u00e9 dans la mati\u00e8re premi\u00e8re et<\/p>\n","protected":false},"featured_media":35449,"comment_status":"closed","ping_status":"closed","template":"","meta":[],"product_brand":[],"product_cat":[245,182],"product_tag":[181,176,166],"class_list":{"0":"post-51041","1":"product","2":"type-product","3":"status-publish","4":"has-post-thumbnail","6":"product_cat-accessoiresbain","7":"product_cat-textiles-2","8":"product_tag-integre-pim","9":"product_tag-petites-dimensions","10":"product_tag-produits-en-ligne","12":"first","13":"instock","14":"shipping-taxable","15":"purchasable","16":"product-type-simple"},"_links":{"self":[{"href":"https:\/\/casacumbia.com\/en\/wp-json\/wp\/v2\/product\/51041","targetHints":{"allow":["GET"]}}],"collection":[{"href":"https:\/\/casacumbia.com\/en\/wp-json\/wp\/v2\/product"}],"about":[{"href":"https:\/\/casacumbia.com\/en\/wp-json\/wp\/v2\/types\/product"}],"replies":[{"embeddable":true,"href":"https:\/\/casacumbia.com\/en\/wp-json\/wp\/v2\/comments?post=51041"}],"version-history":[{"count":2,"href":"https:\/\/casacumbia.com\/en\/wp-json\/wp\/v2\/product\/51041\/revisions"}],"predecessor-version":[{"id":54214,"href":"https:\/\/casacumbia.com\/en\/wp-json\/wp\/v2\/product\/51041\/revisions\/54214"}],"wp:featuredmedia":[{"embeddable":true,"href":"https:\/\/casacumbia.com\/en\/wp-json\/wp\/v2\/media\/35449"}],"wp:attachment":[{"href":"https:\/\/casacumbia.com\/en\/wp-json\/wp\/v2\/media?parent=51041"}],"wp:term":[{"taxonomy":"product_brand","embeddable":true,"href":"https:\/\/casacumbia.com\/en\/wp-json\/wp\/v2\/product_brand?post=51041"},{"taxonomy":"product_cat","embeddable":true,"href":"https:\/\/casacumbia.com\/en\/wp-json\/wp\/v2\/product_cat?post=51041"},{"taxonomy":"product_tag","embeddable":true,"href":"https:\/\/casacumbia.com\/en\/wp-json\/wp\/v2\/product_tag?post=51041"}],"curies":[{"name":"wp","href":"https:\/\/api.w.org\/{rel}","templated":true}]}}