{"id":51039,"date":"2025-07-20T18:23:47","date_gmt":"2025-07-20T16:23:47","guid":{"rendered":"https:\/\/casacumbia.com\/product\/serviette-de-bain-en-coton-bleu-4everyday-2\/"},"modified":"2025-09-21T15:18:04","modified_gmt":"2025-09-21T13:18:04","slug":"serviette-de-bain-en-coton-bleu-4everyday-2","status":"publish","type":"product","link":"https:\/\/casacumbia.com\/en\/produit\/serviette-de-bain-en-coton-bleu-4everyday-2\/","title":{"rendered":"Serviette de Bain Corps Coton Bleu 4EVERYDAY"},"content":{"rendered":"<p>Serviette de bain bleue compos\u00e9e \u00e0 100 % de coton, garantissant une texture douce et agr\u00e9able au toucher. Avec un design simple et \u00e9l\u00e9gant, elle constitue le choix id\u00e9al pour toute salle de bain. Elle offre une excellente capacit\u00e9 d&#8217;absorption, procurant un grand confort apr\u00e8s le bain. De plus, elle s\u00e8che rapidement, restant douce et r\u00e9sistante m\u00eame apr\u00e8s plusieurs lavages. Une option de qualit\u00e9 et de durabilit\u00e9, pens\u00e9e pour votre bien-\u00eatre quotidien.    <\/p>\n","protected":false},"excerpt":{"rendered":"<p>Serviette de bain bleue compos\u00e9e \u00e0 100 % de coton, garantissant une texture douce et agr\u00e9able au toucher. Avec un<\/p>\n","protected":false},"featured_media":35453,"comment_status":"closed","ping_status":"closed","template":"","meta":[],"product_brand":[],"product_cat":[299],"product_tag":[181,176,166],"class_list":{"0":"post-51039","1":"product","2":"type-product","3":"status-publish","4":"has-post-thumbnail","6":"product_cat-linge-de-bain","7":"product_tag-integre-pim","8":"product_tag-petites-dimensions","9":"product_tag-produits-en-ligne","11":"first","12":"instock","13":"shipping-taxable","14":"purchasable","15":"product-type-simple"},"_links":{"self":[{"href":"https:\/\/casacumbia.com\/en\/wp-json\/wp\/v2\/product\/51039","targetHints":{"allow":["GET"]}}],"collection":[{"href":"https:\/\/casacumbia.com\/en\/wp-json\/wp\/v2\/product"}],"about":[{"href":"https:\/\/casacumbia.com\/en\/wp-json\/wp\/v2\/types\/product"}],"replies":[{"embeddable":true,"href":"https:\/\/casacumbia.com\/en\/wp-json\/wp\/v2\/comments?post=51039"}],"version-history":[{"count":1,"href":"https:\/\/casacumbia.com\/en\/wp-json\/wp\/v2\/product\/51039\/revisions"}],"predecessor-version":[{"id":52214,"href":"https:\/\/casacumbia.com\/en\/wp-json\/wp\/v2\/product\/51039\/revisions\/52214"}],"wp:featuredmedia":[{"embeddable":true,"href":"https:\/\/casacumbia.com\/en\/wp-json\/wp\/v2\/media\/35453"}],"wp:attachment":[{"href":"https:\/\/casacumbia.com\/en\/wp-json\/wp\/v2\/media?parent=51039"}],"wp:term":[{"taxonomy":"product_brand","embeddable":true,"href":"https:\/\/casacumbia.com\/en\/wp-json\/wp\/v2\/product_brand?post=51039"},{"taxonomy":"product_cat","embeddable":true,"href":"https:\/\/casacumbia.com\/en\/wp-json\/wp\/v2\/product_cat?post=51039"},{"taxonomy":"product_tag","embeddable":true,"href":"https:\/\/casacumbia.com\/en\/wp-json\/wp\/v2\/product_tag?post=51039"}],"curies":[{"name":"wp","href":"https:\/\/api.w.org\/{rel}","templated":true}]}}