{"id":51036,"date":"2025-07-20T18:23:36","date_gmt":"2025-07-20T16:23:36","guid":{"rendered":"https:\/\/casacumbia.com\/product\/plafonnier-naturel-et-noir-sierra\/"},"modified":"2025-09-21T15:18:03","modified_gmt":"2025-09-21T13:18:03","slug":"plafonnier-naturel-et-noir-sierra","status":"publish","type":"product","link":"https:\/\/casacumbia.com\/en\/produit\/plafonnier-naturel-et-noir-sierra\/","title":{"rendered":"Plafonnier Naturel et Noir SIERRA"},"content":{"rendered":"<p>Plafonnier Naturel et Noir SIERRA. Une pi\u00e8ce essentielle de casacumbia, parfaite pour apporter une touche de style et de confort \u00e0 votre espace avec originalit\u00e9 et charme. <\/p>\n","protected":false},"excerpt":{"rendered":"<p>Plafonnier Naturel et Noir SIERRA. Une pi\u00e8ce essentielle de casacumbia, parfaite pour apporter une touche de style et de confort<\/p>\n","protected":false},"featured_media":35441,"comment_status":"closed","ping_status":"closed","template":"","meta":[],"product_brand":[],"product_cat":[201,204,300],"product_tag":[181,176,166],"class_list":{"0":"post-51036","1":"product","2":"type-product","3":"status-publish","4":"has-post-thumbnail","6":"product_cat-lighting-2","7":"product_cat-promotions-2","8":"product_cat-suspensions-plafonniers","9":"product_tag-integre-pim","10":"product_tag-petites-dimensions","11":"product_tag-produits-en-ligne","13":"first","14":"instock","15":"sale","16":"shipping-taxable","17":"purchasable","18":"product-type-simple"},"_links":{"self":[{"href":"https:\/\/casacumbia.com\/en\/wp-json\/wp\/v2\/product\/51036","targetHints":{"allow":["GET"]}}],"collection":[{"href":"https:\/\/casacumbia.com\/en\/wp-json\/wp\/v2\/product"}],"about":[{"href":"https:\/\/casacumbia.com\/en\/wp-json\/wp\/v2\/types\/product"}],"replies":[{"embeddable":true,"href":"https:\/\/casacumbia.com\/en\/wp-json\/wp\/v2\/comments?post=51036"}],"version-history":[{"count":2,"href":"https:\/\/casacumbia.com\/en\/wp-json\/wp\/v2\/product\/51036\/revisions"}],"predecessor-version":[{"id":54213,"href":"https:\/\/casacumbia.com\/en\/wp-json\/wp\/v2\/product\/51036\/revisions\/54213"}],"wp:featuredmedia":[{"embeddable":true,"href":"https:\/\/casacumbia.com\/en\/wp-json\/wp\/v2\/media\/35441"}],"wp:attachment":[{"href":"https:\/\/casacumbia.com\/en\/wp-json\/wp\/v2\/media?parent=51036"}],"wp:term":[{"taxonomy":"product_brand","embeddable":true,"href":"https:\/\/casacumbia.com\/en\/wp-json\/wp\/v2\/product_brand?post=51036"},{"taxonomy":"product_cat","embeddable":true,"href":"https:\/\/casacumbia.com\/en\/wp-json\/wp\/v2\/product_cat?post=51036"},{"taxonomy":"product_tag","embeddable":true,"href":"https:\/\/casacumbia.com\/en\/wp-json\/wp\/v2\/product_tag?post=51036"}],"curies":[{"name":"wp","href":"https:\/\/api.w.org\/{rel}","templated":true}]}}