{"id":51031,"date":"2025-07-20T18:23:47","date_gmt":"2025-07-20T16:23:47","guid":{"rendered":"https:\/\/casacumbia.com\/product\/ensemble-de-serviettes-en-coton-rose-clair-4everyday\/"},"modified":"2025-09-21T15:18:02","modified_gmt":"2025-09-21T13:18:02","slug":"ensemble-de-serviettes-en-coton-rose-clair-4everyday","status":"publish","type":"product","link":"https:\/\/casacumbia.com\/en\/produit\/ensemble-de-serviettes-en-coton-rose-clair-4everyday\/","title":{"rendered":"Ensemble Serviettes en Coton Rose Clair 4EVERYDAY"},"content":{"rendered":"<p>Pack de 3 serviettes de toilette roses, compos\u00e9es \u00e0 100 % de coton, se distinguent par leur douceur et leur confort incomparables. Avec un design \u00e9l\u00e9gant et moderne, elles sont parfaites pour compl\u00e9ter toute salle de bain. Produites avec des mat\u00e9riaux de haute qualit\u00e9, ces serviettes offrent une excellente capacit\u00e9 d&#8217;absorption et une r\u00e9sistance, m\u00eame apr\u00e8s de nombreux lavages.  <\/p>\n","protected":false},"excerpt":{"rendered":"<p>Pack de 3 serviettes de toilette roses, compos\u00e9es \u00e0 100 % de coton, se distinguent par leur douceur et leur<\/p>\n","protected":false},"featured_media":35489,"comment_status":"closed","ping_status":"closed","template":"","meta":[],"product_brand":[],"product_cat":[245,182],"product_tag":[181,176,166],"class_list":{"0":"post-51031","1":"product","2":"type-product","3":"status-publish","4":"has-post-thumbnail","6":"product_cat-accessoiresbain","7":"product_cat-textiles-2","8":"product_tag-integre-pim","9":"product_tag-petites-dimensions","10":"product_tag-produits-en-ligne","12":"first","13":"instock","14":"shipping-taxable","15":"purchasable","16":"product-type-simple"},"_links":{"self":[{"href":"https:\/\/casacumbia.com\/en\/wp-json\/wp\/v2\/product\/51031","targetHints":{"allow":["GET"]}}],"collection":[{"href":"https:\/\/casacumbia.com\/en\/wp-json\/wp\/v2\/product"}],"about":[{"href":"https:\/\/casacumbia.com\/en\/wp-json\/wp\/v2\/types\/product"}],"replies":[{"embeddable":true,"href":"https:\/\/casacumbia.com\/en\/wp-json\/wp\/v2\/comments?post=51031"}],"version-history":[{"count":1,"href":"https:\/\/casacumbia.com\/en\/wp-json\/wp\/v2\/product\/51031\/revisions"}],"predecessor-version":[{"id":52215,"href":"https:\/\/casacumbia.com\/en\/wp-json\/wp\/v2\/product\/51031\/revisions\/52215"}],"wp:featuredmedia":[{"embeddable":true,"href":"https:\/\/casacumbia.com\/en\/wp-json\/wp\/v2\/media\/35489"}],"wp:attachment":[{"href":"https:\/\/casacumbia.com\/en\/wp-json\/wp\/v2\/media?parent=51031"}],"wp:term":[{"taxonomy":"product_brand","embeddable":true,"href":"https:\/\/casacumbia.com\/en\/wp-json\/wp\/v2\/product_brand?post=51031"},{"taxonomy":"product_cat","embeddable":true,"href":"https:\/\/casacumbia.com\/en\/wp-json\/wp\/v2\/product_cat?post=51031"},{"taxonomy":"product_tag","embeddable":true,"href":"https:\/\/casacumbia.com\/en\/wp-json\/wp\/v2\/product_tag?post=51031"}],"curies":[{"name":"wp","href":"https:\/\/api.w.org\/{rel}","templated":true}]}}