{"id":51029,"date":"2025-07-20T18:23:47","date_gmt":"2025-07-20T16:23:47","guid":{"rendered":"https:\/\/casacumbia.com\/product\/sortie-de-bain-en-coton-bleu-4everyday\/"},"modified":"2025-09-21T15:18:01","modified_gmt":"2025-09-21T13:18:01","slug":"sortie-de-bain-en-coton-bleu-4everyday","status":"publish","type":"product","link":"https:\/\/casacumbia.com\/en\/produit\/sortie-de-bain-en-coton-bleu-4everyday\/","title":{"rendered":"Tapis de Bain en Coton Bleu 4EVERYDAY"},"content":{"rendered":"<p>La sortie de bain de couleur bleue est compos\u00e9e \u00e0 100 % de coton, garantissant une texture douce et confortable. Con\u00e7ue pour apporter une touche sp\u00e9ciale \u00e0 toute salle de bain, elle se distingue par son s\u00e9chage rapide et sa haute durabilit\u00e9. Ainsi, elle offre une performance exceptionnelle apr\u00e8s chaque bain.  <\/p>\n","protected":false},"excerpt":{"rendered":"<p>La sortie de bain de couleur bleue est compos\u00e9e \u00e0 100 % de coton, garantissant une texture douce et confortable.<\/p>\n","protected":false},"featured_media":35473,"comment_status":"closed","ping_status":"closed","template":"","meta":[],"product_brand":[],"product_cat":[304],"product_tag":[181,176,166],"class_list":{"0":"post-51029","1":"product","2":"type-product","3":"status-publish","4":"has-post-thumbnail","6":"product_cat-tapis","7":"product_tag-integre-pim","8":"product_tag-petites-dimensions","9":"product_tag-produits-en-ligne","11":"first","12":"instock","13":"shipping-taxable","14":"purchasable","15":"product-type-simple"},"_links":{"self":[{"href":"https:\/\/casacumbia.com\/en\/wp-json\/wp\/v2\/product\/51029","targetHints":{"allow":["GET"]}}],"collection":[{"href":"https:\/\/casacumbia.com\/en\/wp-json\/wp\/v2\/product"}],"about":[{"href":"https:\/\/casacumbia.com\/en\/wp-json\/wp\/v2\/types\/product"}],"replies":[{"embeddable":true,"href":"https:\/\/casacumbia.com\/en\/wp-json\/wp\/v2\/comments?post=51029"}],"version-history":[{"count":2,"href":"https:\/\/casacumbia.com\/en\/wp-json\/wp\/v2\/product\/51029\/revisions"}],"predecessor-version":[{"id":54459,"href":"https:\/\/casacumbia.com\/en\/wp-json\/wp\/v2\/product\/51029\/revisions\/54459"}],"wp:featuredmedia":[{"embeddable":true,"href":"https:\/\/casacumbia.com\/en\/wp-json\/wp\/v2\/media\/35473"}],"wp:attachment":[{"href":"https:\/\/casacumbia.com\/en\/wp-json\/wp\/v2\/media?parent=51029"}],"wp:term":[{"taxonomy":"product_brand","embeddable":true,"href":"https:\/\/casacumbia.com\/en\/wp-json\/wp\/v2\/product_brand?post=51029"},{"taxonomy":"product_cat","embeddable":true,"href":"https:\/\/casacumbia.com\/en\/wp-json\/wp\/v2\/product_cat?post=51029"},{"taxonomy":"product_tag","embeddable":true,"href":"https:\/\/casacumbia.com\/en\/wp-json\/wp\/v2\/product_tag?post=51029"}],"curies":[{"name":"wp","href":"https:\/\/api.w.org\/{rel}","templated":true}]}}