{"id":51011,"date":"2025-07-20T18:23:48","date_gmt":"2025-07-20T16:23:48","guid":{"rendered":"https:\/\/casacumbia.com\/product\/housse-de-coussin-verte-45x45-4everyday\/"},"modified":"2025-09-21T15:17:57","modified_gmt":"2025-09-21T13:17:57","slug":"housse-de-coussin-verte-45x45-4everyday","status":"publish","type":"product","link":"https:\/\/casacumbia.com\/en\/produit\/housse-de-coussin-verte-45x45-4everyday\/","title":{"rendered":"Housse de Coussin Verte 45&#215;45 4EVERYDAY"},"content":{"rendered":"<p><span data-sheets-root=\"1\">La collection de basiques c\u00e9l\u00e8bre la simplicit\u00e9 avec style, en offrant diff\u00e9rents types de produits pens\u00e9s pour le quotidien. Dans des couleurs unies avec des tonalit\u00e9s m\u00e9lang\u00e9es, ces pi\u00e8ces unissent polyvalence et qualit\u00e9, en s&#8217;adaptant \u00e0 n&#8217;importe quel environnement. Ce sont des essentiels modernes, faits pour se combiner facilement, en ajoutant confort et \u00e9quilibre \u00e0 la d\u00e9coration.  <\/span><\/p>\n","protected":false},"excerpt":{"rendered":"<p>La collection de basiques c\u00e9l\u00e8bre la simplicit\u00e9 avec style, en offrant diff\u00e9rents types de produits pens\u00e9s pour le quotidien. Dans<\/p>\n","protected":false},"featured_media":35550,"comment_status":"closed","ping_status":"closed","template":"","meta":[],"product_brand":[],"product_cat":[238],"product_tag":[181,176,166],"class_list":{"0":"post-51011","1":"product","2":"type-product","3":"status-publish","4":"has-post-thumbnail","6":"product_cat-coussins","7":"product_tag-integre-pim","8":"product_tag-petites-dimensions","9":"product_tag-produits-en-ligne","11":"first","12":"instock","13":"shipping-taxable","14":"purchasable","15":"product-type-simple"},"_links":{"self":[{"href":"https:\/\/casacumbia.com\/en\/wp-json\/wp\/v2\/product\/51011","targetHints":{"allow":["GET"]}}],"collection":[{"href":"https:\/\/casacumbia.com\/en\/wp-json\/wp\/v2\/product"}],"about":[{"href":"https:\/\/casacumbia.com\/en\/wp-json\/wp\/v2\/types\/product"}],"replies":[{"embeddable":true,"href":"https:\/\/casacumbia.com\/en\/wp-json\/wp\/v2\/comments?post=51011"}],"version-history":[{"count":1,"href":"https:\/\/casacumbia.com\/en\/wp-json\/wp\/v2\/product\/51011\/revisions"}],"predecessor-version":[{"id":52097,"href":"https:\/\/casacumbia.com\/en\/wp-json\/wp\/v2\/product\/51011\/revisions\/52097"}],"wp:featuredmedia":[{"embeddable":true,"href":"https:\/\/casacumbia.com\/en\/wp-json\/wp\/v2\/media\/35550"}],"wp:attachment":[{"href":"https:\/\/casacumbia.com\/en\/wp-json\/wp\/v2\/media?parent=51011"}],"wp:term":[{"taxonomy":"product_brand","embeddable":true,"href":"https:\/\/casacumbia.com\/en\/wp-json\/wp\/v2\/product_brand?post=51011"},{"taxonomy":"product_cat","embeddable":true,"href":"https:\/\/casacumbia.com\/en\/wp-json\/wp\/v2\/product_cat?post=51011"},{"taxonomy":"product_tag","embeddable":true,"href":"https:\/\/casacumbia.com\/en\/wp-json\/wp\/v2\/product_tag?post=51011"}],"curies":[{"name":"wp","href":"https:\/\/api.w.org\/{rel}","templated":true}]}}