{"id":51003,"date":"2025-07-20T18:23:58","date_gmt":"2025-07-20T16:23:58","guid":{"rendered":"https:\/\/casacumbia.com\/product\/carafe-corail-2l-picos\/"},"modified":"2025-09-21T15:17:54","modified_gmt":"2025-09-21T13:17:54","slug":"carafe-corail-2l-picos","status":"publish","type":"product","link":"https:\/\/casacumbia.com\/en\/produit\/carafe-corail-2l-picos\/","title":{"rendered":"Pichet Coral 2L PICOS"},"content":{"rendered":"<p>La texture de la collection Picos s&#8217;inspire des formes organiques des coquillages, coraux et poissons-ballons. Elle se compose de 5 pi\u00e8ces : le pichet, le verre avec pied et sans pied, le saladier et la coupe, en 3 couleurs : transparent, coral et vert.<br \/>La l\u00e9g\u00e8ret\u00e9 du mat\u00e9riau en fait la combinaison parfaite pour les services d&#8217;ext\u00e9rieur mais aussi pour toute table de f\u00eate ou pour servir une sangria, un rafra\u00eechissement ou de l&#8217;eau. <\/p>\n","protected":false},"excerpt":{"rendered":"<p>La texture de la collection Picos s&#8217;inspire des formes organiques des coquillages, coraux et poissons-ballons. Elle se compose de 5<\/p>\n","protected":false},"featured_media":35566,"comment_status":"closed","ping_status":"closed","template":"","meta":[],"product_brand":[],"product_cat":[274,204],"product_tag":[181,176,166],"class_list":{"0":"post-51003","1":"product","2":"type-product","3":"status-publish","4":"has-post-thumbnail","6":"product_cat-pichet","7":"product_cat-promotions-2","8":"product_tag-integre-pim","9":"product_tag-petites-dimensions","10":"product_tag-produits-en-ligne","12":"first","13":"instock","14":"sale","15":"shipping-taxable","16":"purchasable","17":"product-type-simple"},"_links":{"self":[{"href":"https:\/\/casacumbia.com\/en\/wp-json\/wp\/v2\/product\/51003","targetHints":{"allow":["GET"]}}],"collection":[{"href":"https:\/\/casacumbia.com\/en\/wp-json\/wp\/v2\/product"}],"about":[{"href":"https:\/\/casacumbia.com\/en\/wp-json\/wp\/v2\/types\/product"}],"replies":[{"embeddable":true,"href":"https:\/\/casacumbia.com\/en\/wp-json\/wp\/v2\/comments?post=51003"}],"version-history":[{"count":1,"href":"https:\/\/casacumbia.com\/en\/wp-json\/wp\/v2\/product\/51003\/revisions"}],"predecessor-version":[{"id":52115,"href":"https:\/\/casacumbia.com\/en\/wp-json\/wp\/v2\/product\/51003\/revisions\/52115"}],"wp:featuredmedia":[{"embeddable":true,"href":"https:\/\/casacumbia.com\/en\/wp-json\/wp\/v2\/media\/35566"}],"wp:attachment":[{"href":"https:\/\/casacumbia.com\/en\/wp-json\/wp\/v2\/media?parent=51003"}],"wp:term":[{"taxonomy":"product_brand","embeddable":true,"href":"https:\/\/casacumbia.com\/en\/wp-json\/wp\/v2\/product_brand?post=51003"},{"taxonomy":"product_cat","embeddable":true,"href":"https:\/\/casacumbia.com\/en\/wp-json\/wp\/v2\/product_cat?post=51003"},{"taxonomy":"product_tag","embeddable":true,"href":"https:\/\/casacumbia.com\/en\/wp-json\/wp\/v2\/product_tag?post=51003"}],"curies":[{"name":"wp","href":"https:\/\/api.w.org\/{rel}","templated":true}]}}