{"id":50994,"date":"2025-07-20T18:23:59","date_gmt":"2025-07-20T16:23:59","guid":{"rendered":"https:\/\/casacumbia.com\/product\/ensemble-de-bougeoirs-bleu-fonce-nox\/"},"modified":"2025-09-21T15:17:52","modified_gmt":"2025-09-21T13:17:52","slug":"ensemble-de-bougeoirs-bleu-fonce-nox","status":"publish","type":"product","link":"https:\/\/casacumbia.com\/en\/produit\/ensemble-de-bougeoirs-bleu-fonce-nox\/","title":{"rendered":"Ensemble de Bougies Chandelier Bleu Fonc\u00e9 NOX"},"content":{"rendered":"<p>La bougie chandelier ne coule pas. Lorsque la flamme de la bougie br\u00fble, la cire fond et est consomm\u00e9e par la flamme comme source d&#8217;\u00e9nergie. <\/p>\n","protected":false},"excerpt":{"rendered":"<p>La bougie chandelier ne coule pas. Lorsque la flamme de la bougie br\u00fble, la cire fond et est consomm\u00e9e par<\/p>\n","protected":false},"featured_media":35619,"comment_status":"closed","ping_status":"closed","template":"","meta":[],"product_brand":[],"product_cat":[264],"product_tag":[181,176,166],"class_list":{"0":"post-50994","1":"product","2":"type-product","3":"status-publish","4":"has-post-thumbnail","6":"product_cat-bougies","7":"product_tag-integre-pim","8":"product_tag-petites-dimensions","9":"product_tag-produits-en-ligne","11":"first","12":"instock","13":"shipping-taxable","14":"purchasable","15":"product-type-simple"},"_links":{"self":[{"href":"https:\/\/casacumbia.com\/en\/wp-json\/wp\/v2\/product\/50994","targetHints":{"allow":["GET"]}}],"collection":[{"href":"https:\/\/casacumbia.com\/en\/wp-json\/wp\/v2\/product"}],"about":[{"href":"https:\/\/casacumbia.com\/en\/wp-json\/wp\/v2\/types\/product"}],"replies":[{"embeddable":true,"href":"https:\/\/casacumbia.com\/en\/wp-json\/wp\/v2\/comments?post=50994"}],"version-history":[{"count":1,"href":"https:\/\/casacumbia.com\/en\/wp-json\/wp\/v2\/product\/50994\/revisions"}],"predecessor-version":[{"id":52121,"href":"https:\/\/casacumbia.com\/en\/wp-json\/wp\/v2\/product\/50994\/revisions\/52121"}],"wp:featuredmedia":[{"embeddable":true,"href":"https:\/\/casacumbia.com\/en\/wp-json\/wp\/v2\/media\/35619"}],"wp:attachment":[{"href":"https:\/\/casacumbia.com\/en\/wp-json\/wp\/v2\/media?parent=50994"}],"wp:term":[{"taxonomy":"product_brand","embeddable":true,"href":"https:\/\/casacumbia.com\/en\/wp-json\/wp\/v2\/product_brand?post=50994"},{"taxonomy":"product_cat","embeddable":true,"href":"https:\/\/casacumbia.com\/en\/wp-json\/wp\/v2\/product_cat?post=50994"},{"taxonomy":"product_tag","embeddable":true,"href":"https:\/\/casacumbia.com\/en\/wp-json\/wp\/v2\/product_tag?post=50994"}],"curies":[{"name":"wp","href":"https:\/\/api.w.org\/{rel}","templated":true}]}}