{"id":50985,"date":"2025-07-20T18:24:00","date_gmt":"2025-07-20T16:24:00","guid":{"rendered":"https:\/\/casacumbia.com\/product\/sac-tnt-chat-noir\/"},"modified":"2025-09-21T15:17:50","modified_gmt":"2025-09-21T13:17:50","slug":"sac-tnt-chat-noir","status":"publish","type":"product","link":"https:\/\/casacumbia.com\/en\/produit\/sac-tnt-chat-noir\/","title":{"rendered":"Sac TNT Chat Noir"},"content":{"rendered":"<p>Sac TNT Chat Noir. Une pi\u00e8ce essentielle du chat noir, parfaite pour apporter une touche de style et de confort \u00e0 votre espace avec originalit\u00e9 et charme. <\/p>\n","protected":false},"excerpt":{"rendered":"<p>Sac TNT Chat Noir. Une pi\u00e8ce essentielle du chat noir, parfaite pour apporter une touche de style et de confort<\/p>\n","protected":false},"featured_media":35655,"comment_status":"closed","ping_status":"closed","template":"","meta":[],"product_brand":[],"product_cat":[305],"product_tag":[181,176,166],"class_list":{"0":"post-50985","1":"product","2":"type-product","3":"status-publish","4":"has-post-thumbnail","6":"product_cat-accessoires-sacs-tote-bags","7":"product_tag-integre-pim","8":"product_tag-petites-dimensions","9":"product_tag-produits-en-ligne","11":"first","12":"instock","13":"shipping-taxable","14":"purchasable","15":"product-type-simple"},"_links":{"self":[{"href":"https:\/\/casacumbia.com\/en\/wp-json\/wp\/v2\/product\/50985","targetHints":{"allow":["GET"]}}],"collection":[{"href":"https:\/\/casacumbia.com\/en\/wp-json\/wp\/v2\/product"}],"about":[{"href":"https:\/\/casacumbia.com\/en\/wp-json\/wp\/v2\/types\/product"}],"replies":[{"embeddable":true,"href":"https:\/\/casacumbia.com\/en\/wp-json\/wp\/v2\/comments?post=50985"}],"version-history":[{"count":1,"href":"https:\/\/casacumbia.com\/en\/wp-json\/wp\/v2\/product\/50985\/revisions"}],"predecessor-version":[{"id":52136,"href":"https:\/\/casacumbia.com\/en\/wp-json\/wp\/v2\/product\/50985\/revisions\/52136"}],"wp:featuredmedia":[{"embeddable":true,"href":"https:\/\/casacumbia.com\/en\/wp-json\/wp\/v2\/media\/35655"}],"wp:attachment":[{"href":"https:\/\/casacumbia.com\/en\/wp-json\/wp\/v2\/media?parent=50985"}],"wp:term":[{"taxonomy":"product_brand","embeddable":true,"href":"https:\/\/casacumbia.com\/en\/wp-json\/wp\/v2\/product_brand?post=50985"},{"taxonomy":"product_cat","embeddable":true,"href":"https:\/\/casacumbia.com\/en\/wp-json\/wp\/v2\/product_cat?post=50985"},{"taxonomy":"product_tag","embeddable":true,"href":"https:\/\/casacumbia.com\/en\/wp-json\/wp\/v2\/product_tag?post=50985"}],"curies":[{"name":"wp","href":"https:\/\/api.w.org\/{rel}","templated":true}]}}