{"id":50977,"date":"2025-07-20T18:24:09","date_gmt":"2025-07-20T16:24:09","guid":{"rendered":"https:\/\/casacumbia.com\/product\/rideau-en-lin-beige-avec-feuilles-green-sense\/"},"modified":"2025-09-21T15:17:46","modified_gmt":"2025-09-21T13:17:46","slug":"rideau-en-lin-beige-avec-feuilles-green-sense","status":"publish","type":"product","link":"https:\/\/casacumbia.com\/en\/produit\/rideau-en-lin-beige-avec-feuilles-green-sense\/","title":{"rendered":"Rideau en Lin Beige avec Feuilles GREEN SENSE"},"content":{"rendered":"<p>La collection Green Sense s&#8217;inspire de la l\u00e9g\u00e8ret\u00e9 des feuilles de la Nature. Elle souhaite apporter le vert et l&#8217;esth\u00e9tique organique florale \u00e0 la chambre en appliquant des feuilles voltigeantes et le dessin stylis\u00e9 de fleurs sur des pi\u00e8ces comme la couette et le textile d\u00e9coratif. Laissez-vous embrasser par la Nature et connectez-vous profond\u00e9ment \u00e0 elle dans votre lieu de repos.  <\/p>\n","protected":false},"excerpt":{"rendered":"<p>La collection Green Sense s&#8217;inspire de la l\u00e9g\u00e8ret\u00e9 des feuilles de la Nature. Elle souhaite apporter le vert et l&#8217;esth\u00e9tique<\/p>\n","protected":false},"featured_media":35665,"comment_status":"closed","ping_status":"closed","template":"","meta":[],"product_brand":[],"product_cat":[182,204,239],"product_tag":[181,212,176,166],"class_list":{"0":"post-50977","1":"product","2":"type-product","3":"status-publish","4":"has-post-thumbnail","6":"product_cat-textiles-2","7":"product_cat-promotions-2","8":"product_cat-rideaux","9":"product_tag-integre-pim","10":"product_tag-mix-en-ligne","11":"product_tag-petites-dimensions","12":"product_tag-produits-en-ligne","14":"first","15":"instock","16":"sale","17":"shipping-taxable","18":"purchasable","19":"product-type-simple"},"_links":{"self":[{"href":"https:\/\/casacumbia.com\/en\/wp-json\/wp\/v2\/product\/50977","targetHints":{"allow":["GET"]}}],"collection":[{"href":"https:\/\/casacumbia.com\/en\/wp-json\/wp\/v2\/product"}],"about":[{"href":"https:\/\/casacumbia.com\/en\/wp-json\/wp\/v2\/types\/product"}],"replies":[{"embeddable":true,"href":"https:\/\/casacumbia.com\/en\/wp-json\/wp\/v2\/comments?post=50977"}],"version-history":[{"count":1,"href":"https:\/\/casacumbia.com\/en\/wp-json\/wp\/v2\/product\/50977\/revisions"}],"predecessor-version":[{"id":52141,"href":"https:\/\/casacumbia.com\/en\/wp-json\/wp\/v2\/product\/50977\/revisions\/52141"}],"wp:featuredmedia":[{"embeddable":true,"href":"https:\/\/casacumbia.com\/en\/wp-json\/wp\/v2\/media\/35665"}],"wp:attachment":[{"href":"https:\/\/casacumbia.com\/en\/wp-json\/wp\/v2\/media?parent=50977"}],"wp:term":[{"taxonomy":"product_brand","embeddable":true,"href":"https:\/\/casacumbia.com\/en\/wp-json\/wp\/v2\/product_brand?post=50977"},{"taxonomy":"product_cat","embeddable":true,"href":"https:\/\/casacumbia.com\/en\/wp-json\/wp\/v2\/product_cat?post=50977"},{"taxonomy":"product_tag","embeddable":true,"href":"https:\/\/casacumbia.com\/en\/wp-json\/wp\/v2\/product_tag?post=50977"}],"curies":[{"name":"wp","href":"https:\/\/api.w.org\/{rel}","templated":true}]}}