{"id":50951,"date":"2025-07-20T18:21:51","date_gmt":"2025-07-20T16:21:51","guid":{"rendered":"https:\/\/casacumbia.com\/product\/couverture-en-acrylique-avec-franges-marron-clair-woodland\/"},"modified":"2025-09-21T15:17:41","modified_gmt":"2025-09-21T13:17:41","slug":"couverture-en-acrylique-avec-franges-marron-clair-woodland","status":"publish","type":"product","link":"https:\/\/casacumbia.com\/en\/produit\/couverture-en-acrylique-avec-franges-marron-clair-woodland\/","title":{"rendered":"Plaid en Acrylique avec Franges Marron Clair WOODLAND"},"content":{"rendered":"<p>Ajoutez confort et style \u00e0 votre foyer avec le plaid \u00e0 carreaux marron de la collection WOODLAND. Avec des dimensions de 125&#215;150 cm, ce plaid offre l&#8217;\u00e9quilibre parfait entre confort et \u00e9l\u00e9gance. Le motif \u00e0 carreaux, avec des tons de rouge, apporte une touche rustique et chaleureuse, id\u00e9ale pour se r\u00e9chauffer lors des journ\u00e9es plus froides ou pour ajouter un charme particulier \u00e0 votre canap\u00e9 ou lit.  <\/p>\n","protected":false},"excerpt":{"rendered":"<p>Ajoutez confort et style \u00e0 votre foyer avec le plaid \u00e0 carreaux marron de la collection WOODLAND. Avec des dimensions<\/p>\n","protected":false},"featured_media":34081,"comment_status":"closed","ping_status":"closed","template":"","meta":[],"product_brand":[],"product_cat":[182,240,204],"product_tag":[181,176,166],"class_list":{"0":"post-50951","1":"product","2":"type-product","3":"status-publish","4":"has-post-thumbnail","6":"product_cat-textiles-2","7":"product_cat-plaids","8":"product_cat-promotions-2","9":"product_tag-integre-pim","10":"product_tag-petites-dimensions","11":"product_tag-produits-en-ligne","13":"first","14":"instock","15":"sale","16":"shipping-taxable","17":"purchasable","18":"product-type-simple"},"_links":{"self":[{"href":"https:\/\/casacumbia.com\/en\/wp-json\/wp\/v2\/product\/50951","targetHints":{"allow":["GET"]}}],"collection":[{"href":"https:\/\/casacumbia.com\/en\/wp-json\/wp\/v2\/product"}],"about":[{"href":"https:\/\/casacumbia.com\/en\/wp-json\/wp\/v2\/types\/product"}],"replies":[{"embeddable":true,"href":"https:\/\/casacumbia.com\/en\/wp-json\/wp\/v2\/comments?post=50951"}],"version-history":[{"count":1,"href":"https:\/\/casacumbia.com\/en\/wp-json\/wp\/v2\/product\/50951\/revisions"}],"predecessor-version":[{"id":52414,"href":"https:\/\/casacumbia.com\/en\/wp-json\/wp\/v2\/product\/50951\/revisions\/52414"}],"wp:featuredmedia":[{"embeddable":true,"href":"https:\/\/casacumbia.com\/en\/wp-json\/wp\/v2\/media\/34081"}],"wp:attachment":[{"href":"https:\/\/casacumbia.com\/en\/wp-json\/wp\/v2\/media?parent=50951"}],"wp:term":[{"taxonomy":"product_brand","embeddable":true,"href":"https:\/\/casacumbia.com\/en\/wp-json\/wp\/v2\/product_brand?post=50951"},{"taxonomy":"product_cat","embeddable":true,"href":"https:\/\/casacumbia.com\/en\/wp-json\/wp\/v2\/product_cat?post=50951"},{"taxonomy":"product_tag","embeddable":true,"href":"https:\/\/casacumbia.com\/en\/wp-json\/wp\/v2\/product_tag?post=50951"}],"curies":[{"name":"wp","href":"https:\/\/api.w.org\/{rel}","templated":true}]}}