{"id":50949,"date":"2025-07-20T18:21:51","date_gmt":"2025-07-20T16:21:51","guid":{"rendered":"https:\/\/casacumbia.com\/product\/coussin-en-velours-rouge-avec-rayures-blanches-cozy\/"},"modified":"2025-09-21T15:17:39","modified_gmt":"2025-09-21T13:17:39","slug":"coussin-en-velours-rouge-avec-rayures-blanches-cozy","status":"publish","type":"product","link":"https:\/\/casacumbia.com\/en\/produit\/coussin-en-velours-rouge-avec-rayures-blanches-cozy\/","title":{"rendered":"Coussin en Velours Rouge avec Rayures Blanches COZY"},"content":{"rendered":"<p>La housse de coussin de la collection COZY, de taille 45x45cm, est confectionn\u00e9e en velours rouge, offrant une texture luxueuse et douce au toucher. La couleur vibrante de rouge apporte chaleur et \u00e9l\u00e9gance, parfaite pour donner vie \u00e0 votre espace. Cette housse de coussin est id\u00e9ale pour ceux qui cherchent \u00e0 ajouter une touche sophistiqu\u00e9e et chaleureuse \u00e0 la d\u00e9coration, \u00e9tant le choix parfait pour canap\u00e9s, chaises ou lits.  <\/p>\n","protected":false},"excerpt":{"rendered":"<p>La housse de coussin de la collection COZY, de taille 45x45cm, est confectionn\u00e9e en velours rouge, offrant une texture luxueuse<\/p>\n","protected":false},"featured_media":34090,"comment_status":"closed","ping_status":"closed","template":"","meta":[],"product_brand":[],"product_cat":[238],"product_tag":[202,181,176,166],"class_list":{"0":"post-50949","1":"product","2":"type-product","3":"status-publish","4":"has-post-thumbnail","6":"product_cat-coussins","7":"product_tag-bienvenue","8":"product_tag-integre-pim","9":"product_tag-petites-dimensions","10":"product_tag-produits-en-ligne","12":"first","13":"instock","14":"shipping-taxable","15":"purchasable","16":"product-type-simple"},"_links":{"self":[{"href":"https:\/\/casacumbia.com\/en\/wp-json\/wp\/v2\/product\/50949","targetHints":{"allow":["GET"]}}],"collection":[{"href":"https:\/\/casacumbia.com\/en\/wp-json\/wp\/v2\/product"}],"about":[{"href":"https:\/\/casacumbia.com\/en\/wp-json\/wp\/v2\/types\/product"}],"replies":[{"embeddable":true,"href":"https:\/\/casacumbia.com\/en\/wp-json\/wp\/v2\/comments?post=50949"}],"version-history":[{"count":1,"href":"https:\/\/casacumbia.com\/en\/wp-json\/wp\/v2\/product\/50949\/revisions"}],"predecessor-version":[{"id":52410,"href":"https:\/\/casacumbia.com\/en\/wp-json\/wp\/v2\/product\/50949\/revisions\/52410"}],"wp:featuredmedia":[{"embeddable":true,"href":"https:\/\/casacumbia.com\/en\/wp-json\/wp\/v2\/media\/34090"}],"wp:attachment":[{"href":"https:\/\/casacumbia.com\/en\/wp-json\/wp\/v2\/media?parent=50949"}],"wp:term":[{"taxonomy":"product_brand","embeddable":true,"href":"https:\/\/casacumbia.com\/en\/wp-json\/wp\/v2\/product_brand?post=50949"},{"taxonomy":"product_cat","embeddable":true,"href":"https:\/\/casacumbia.com\/en\/wp-json\/wp\/v2\/product_cat?post=50949"},{"taxonomy":"product_tag","embeddable":true,"href":"https:\/\/casacumbia.com\/en\/wp-json\/wp\/v2\/product_tag?post=50949"}],"curies":[{"name":"wp","href":"https:\/\/api.w.org\/{rel}","templated":true}]}}