{"id":50924,"date":"2025-07-20T18:22:01","date_gmt":"2025-07-20T16:22:01","guid":{"rendered":"https:\/\/casacumbia.com\/product\/table-a-manger-extensible-naturelle-perlis\/"},"modified":"2025-09-21T15:17:34","modified_gmt":"2025-09-21T13:17:34","slug":"table-a-manger-extensible-naturelle-perlis","status":"publish","type":"product","link":"https:\/\/casacumbia.com\/en\/produit\/table-a-manger-extensible-naturelle-perlis\/","title":{"rendered":"Table de Repas Extensible Naturelle PERLIS"},"content":{"rendered":"<p>La table de salle \u00e0 manger extensible de la collection Perlis est parfaite pour ceux qui recherchent praticit\u00e9 et design moderne. Son syst\u00e8me extensible permet d&#8217;ajuster la taille facilement, la rendant id\u00e9ale pour divers types d&#8217;environnements et d&#8217;occasions, comme les d\u00eeners en famille ou les r\u00e9unions entre amis. <\/p>\n","protected":false},"excerpt":{"rendered":"<p>La table de salle \u00e0 manger extensible de la collection Perlis est parfaite pour ceux qui recherchent praticit\u00e9 et design<\/p>\n","protected":false},"featured_media":34180,"comment_status":"closed","ping_status":"closed","template":"","meta":[],"product_brand":[],"product_cat":[247],"product_tag":[173,181,166],"class_list":{"0":"post-50924","1":"product","2":"type-product","3":"status-publish","4":"has-post-thumbnail","6":"product_cat-meublesalon","7":"product_tag-grandes-dimensions","8":"product_tag-integre-pim","9":"product_tag-produits-en-ligne","11":"first","12":"instock","13":"shipping-taxable","14":"purchasable","15":"product-type-simple"},"_links":{"self":[{"href":"https:\/\/casacumbia.com\/en\/wp-json\/wp\/v2\/product\/50924","targetHints":{"allow":["GET"]}}],"collection":[{"href":"https:\/\/casacumbia.com\/en\/wp-json\/wp\/v2\/product"}],"about":[{"href":"https:\/\/casacumbia.com\/en\/wp-json\/wp\/v2\/types\/product"}],"replies":[{"embeddable":true,"href":"https:\/\/casacumbia.com\/en\/wp-json\/wp\/v2\/comments?post=50924"}],"version-history":[{"count":1,"href":"https:\/\/casacumbia.com\/en\/wp-json\/wp\/v2\/product\/50924\/revisions"}],"predecessor-version":[{"id":52295,"href":"https:\/\/casacumbia.com\/en\/wp-json\/wp\/v2\/product\/50924\/revisions\/52295"}],"wp:featuredmedia":[{"embeddable":true,"href":"https:\/\/casacumbia.com\/en\/wp-json\/wp\/v2\/media\/34180"}],"wp:attachment":[{"href":"https:\/\/casacumbia.com\/en\/wp-json\/wp\/v2\/media?parent=50924"}],"wp:term":[{"taxonomy":"product_brand","embeddable":true,"href":"https:\/\/casacumbia.com\/en\/wp-json\/wp\/v2\/product_brand?post=50924"},{"taxonomy":"product_cat","embeddable":true,"href":"https:\/\/casacumbia.com\/en\/wp-json\/wp\/v2\/product_cat?post=50924"},{"taxonomy":"product_tag","embeddable":true,"href":"https:\/\/casacumbia.com\/en\/wp-json\/wp\/v2\/product_tag?post=50924"}],"curies":[{"name":"wp","href":"https:\/\/api.w.org\/{rel}","templated":true}]}}