{"id":50923,"date":"2025-07-20T18:22:01","date_gmt":"2025-07-20T16:22:01","guid":{"rendered":"https:\/\/casacumbia.com\/product\/nappe-rectangulaire-en-coton-avec-motif-de-figues-figo\/"},"modified":"2025-09-21T15:17:34","modified_gmt":"2025-09-21T13:17:34","slug":"nappe-rectangulaire-en-coton-avec-motif-de-figues-figo","status":"publish","type":"product","link":"https:\/\/casacumbia.com\/en\/produit\/nappe-rectangulaire-en-coton-avec-motif-de-figues-figo\/","title":{"rendered":"Nappe Rectangulaire en Coton avec Figues FIGO"},"content":{"rendered":"<p>Compos\u00e9s de nappes et de serviettes, les textiles de la collection Figo compl\u00e8tent le service de vaisselle avec des motifs inspir\u00e9s des formes organiques et de la texture du fruit et de ses feuilles. Le tissu en coton est doux au toucher et durable, parfait pour les occasions sp\u00e9ciales et le quotidien, ajoutant de la sophistication \u00e0 votre table.<\/p>\n","protected":false},"excerpt":{"rendered":"<p>Compos\u00e9s de nappes et de serviettes, les textiles de la collection Figo compl\u00e8tent le service de vaisselle avec des motifs<\/p>\n","protected":false},"featured_media":34201,"comment_status":"closed","ping_status":"closed","template":"","meta":[],"product_brand":[],"product_cat":[259],"product_tag":[181,176,166],"class_list":{"0":"post-50923","1":"product","2":"type-product","3":"status-publish","4":"has-post-thumbnail","6":"product_cat-lingetable","7":"product_tag-integre-pim","8":"product_tag-petites-dimensions","9":"product_tag-produits-en-ligne","11":"first","12":"instock","13":"shipping-taxable","14":"purchasable","15":"product-type-simple"},"_links":{"self":[{"href":"https:\/\/casacumbia.com\/en\/wp-json\/wp\/v2\/product\/50923","targetHints":{"allow":["GET"]}}],"collection":[{"href":"https:\/\/casacumbia.com\/en\/wp-json\/wp\/v2\/product"}],"about":[{"href":"https:\/\/casacumbia.com\/en\/wp-json\/wp\/v2\/types\/product"}],"replies":[{"embeddable":true,"href":"https:\/\/casacumbia.com\/en\/wp-json\/wp\/v2\/comments?post=50923"}],"version-history":[{"count":2,"href":"https:\/\/casacumbia.com\/en\/wp-json\/wp\/v2\/product\/50923\/revisions"}],"predecessor-version":[{"id":54403,"href":"https:\/\/casacumbia.com\/en\/wp-json\/wp\/v2\/product\/50923\/revisions\/54403"}],"wp:featuredmedia":[{"embeddable":true,"href":"https:\/\/casacumbia.com\/en\/wp-json\/wp\/v2\/media\/34201"}],"wp:attachment":[{"href":"https:\/\/casacumbia.com\/en\/wp-json\/wp\/v2\/media?parent=50923"}],"wp:term":[{"taxonomy":"product_brand","embeddable":true,"href":"https:\/\/casacumbia.com\/en\/wp-json\/wp\/v2\/product_brand?post=50923"},{"taxonomy":"product_cat","embeddable":true,"href":"https:\/\/casacumbia.com\/en\/wp-json\/wp\/v2\/product_cat?post=50923"},{"taxonomy":"product_tag","embeddable":true,"href":"https:\/\/casacumbia.com\/en\/wp-json\/wp\/v2\/product_tag?post=50923"}],"curies":[{"name":"wp","href":"https:\/\/api.w.org\/{rel}","templated":true}]}}