{"id":50908,"date":"2025-07-20T18:22:12","date_gmt":"2025-07-20T16:22:12","guid":{"rendered":"https:\/\/casacumbia.com\/product\/couette-avec-surpiqure-feuille-moutarde-250x270-homy\/"},"modified":"2025-09-21T15:17:29","modified_gmt":"2025-09-21T13:17:29","slug":"couette-avec-surpiqure-feuille-moutarde-250x270-homy","status":"publish","type":"product","link":"https:\/\/casacumbia.com\/en\/produit\/couette-avec-surpiqure-feuille-moutarde-250x270-homy\/","title":{"rendered":"\u00c9dredon avec Surpiq\u00fbre Feuille Moutarde 250&#215;270 HOMY"},"content":{"rendered":"<p>La Collection AURA apporte \u00e9l\u00e9gance et sophistication \u00e0 votre environnement, avec des couvre-lits et des housses de coussin disponibles en quatre couleurs d\u00e9licates. Chaque pi\u00e8ce est soigneusement travaill\u00e9e avec une surpiq\u00fbre raffin\u00e9e, cr\u00e9ant un design exclusif qui ajoute une touche de raffinement et de confort \u00e0 votre espace.  Id\u00e9al pour ceux qui recherchent qualit\u00e9 et \u00e9l\u00e9gance dans chaque d\u00e9tail. <\/p>\n<p>Confectionn\u00e9 en 100 % Polyester, avec un garnissage compos\u00e9 de 50 % Coton et 50 % Polyester, il offre l&#8217;\u00e9quilibre parfait entre douceur et durabilit\u00e9. Pour garantir sa pr\u00e9servation, il suffit de laver s\u00e9par\u00e9ment en machine. <\/p>\n","protected":false},"excerpt":{"rendered":"<p>La Collection AURA apporte \u00e9l\u00e9gance et sophistication \u00e0 votre environnement, avec des couvre-lits et des housses de coussin disponibles en<\/p>\n","protected":false},"featured_media":34307,"comment_status":"closed","ping_status":"closed","template":"","meta":[],"product_brand":[],"product_cat":[241,182],"product_tag":[181,176,166],"class_list":{"0":"post-50908","1":"product","2":"type-product","3":"status-publish","4":"has-post-thumbnail","6":"product_cat-linge","7":"product_cat-textiles-2","8":"product_tag-integre-pim","9":"product_tag-petites-dimensions","10":"product_tag-produits-en-ligne","12":"first","13":"instock","14":"shipping-taxable","15":"purchasable","16":"product-type-simple"},"_links":{"self":[{"href":"https:\/\/casacumbia.com\/en\/wp-json\/wp\/v2\/product\/50908","targetHints":{"allow":["GET"]}}],"collection":[{"href":"https:\/\/casacumbia.com\/en\/wp-json\/wp\/v2\/product"}],"about":[{"href":"https:\/\/casacumbia.com\/en\/wp-json\/wp\/v2\/types\/product"}],"replies":[{"embeddable":true,"href":"https:\/\/casacumbia.com\/en\/wp-json\/wp\/v2\/comments?post=50908"}],"version-history":[{"count":1,"href":"https:\/\/casacumbia.com\/en\/wp-json\/wp\/v2\/product\/50908\/revisions"}],"predecessor-version":[{"id":52319,"href":"https:\/\/casacumbia.com\/en\/wp-json\/wp\/v2\/product\/50908\/revisions\/52319"}],"wp:featuredmedia":[{"embeddable":true,"href":"https:\/\/casacumbia.com\/en\/wp-json\/wp\/v2\/media\/34307"}],"wp:attachment":[{"href":"https:\/\/casacumbia.com\/en\/wp-json\/wp\/v2\/media?parent=50908"}],"wp:term":[{"taxonomy":"product_brand","embeddable":true,"href":"https:\/\/casacumbia.com\/en\/wp-json\/wp\/v2\/product_brand?post=50908"},{"taxonomy":"product_cat","embeddable":true,"href":"https:\/\/casacumbia.com\/en\/wp-json\/wp\/v2\/product_cat?post=50908"},{"taxonomy":"product_tag","embeddable":true,"href":"https:\/\/casacumbia.com\/en\/wp-json\/wp\/v2\/product_tag?post=50908"}],"curies":[{"name":"wp","href":"https:\/\/api.w.org\/{rel}","templated":true}]}}