{"id":50896,"date":"2025-07-20T18:22:12","date_gmt":"2025-07-20T16:22:12","guid":{"rendered":"https:\/\/casacumbia.com\/product\/rond-de-serviette-circulaire-bleu-flute\/"},"modified":"2025-09-21T15:17:26","modified_gmt":"2025-09-21T13:17:26","slug":"rond-de-serviette-circulaire-bleu-flute","status":"publish","type":"product","link":"https:\/\/casacumbia.com\/en\/produit\/rond-de-serviette-circulaire-bleu-flute\/","title":{"rendered":"Rond de serviette rond bleu FLUTE"},"content":{"rendered":"<p>Ajoutez une touche de couleur et d&#8217;\u00e9l\u00e9gance \u00e0 votre table avec ce rond de serviette. Id\u00e9al pour toute occasion, cet accessoire vibrant et sophistiqu\u00e9 maintient les serviettes organis\u00e9es tout en enrichissant la d\u00e9coration avec son \u00e9nergie et son style. Parfait pour rehausser l&#8217;aspect de votre table, que ce soit lors de d\u00eeners formels ou de repas d\u00e9contract\u00e9s.  <\/p>\n","protected":false},"excerpt":{"rendered":"<p>Ajoutez une touche de couleur et d&#8217;\u00e9l\u00e9gance \u00e0 votre table avec ce rond de serviette. Id\u00e9al pour toute occasion, cet<\/p>\n","protected":false},"featured_media":34352,"comment_status":"closed","ping_status":"closed","template":"","meta":[],"product_brand":[],"product_cat":[259],"product_tag":[181,176,166],"class_list":{"0":"post-50896","1":"product","2":"type-product","3":"status-publish","4":"has-post-thumbnail","6":"product_cat-lingetable","7":"product_tag-integre-pim","8":"product_tag-petites-dimensions","9":"product_tag-produits-en-ligne","11":"first","12":"instock","13":"shipping-taxable","14":"purchasable","15":"product-type-simple"},"_links":{"self":[{"href":"https:\/\/casacumbia.com\/en\/wp-json\/wp\/v2\/product\/50896","targetHints":{"allow":["GET"]}}],"collection":[{"href":"https:\/\/casacumbia.com\/en\/wp-json\/wp\/v2\/product"}],"about":[{"href":"https:\/\/casacumbia.com\/en\/wp-json\/wp\/v2\/types\/product"}],"replies":[{"embeddable":true,"href":"https:\/\/casacumbia.com\/en\/wp-json\/wp\/v2\/comments?post=50896"}],"version-history":[{"count":1,"href":"https:\/\/casacumbia.com\/en\/wp-json\/wp\/v2\/product\/50896\/revisions"}],"predecessor-version":[{"id":52307,"href":"https:\/\/casacumbia.com\/en\/wp-json\/wp\/v2\/product\/50896\/revisions\/52307"}],"wp:featuredmedia":[{"embeddable":true,"href":"https:\/\/casacumbia.com\/en\/wp-json\/wp\/v2\/media\/34352"}],"wp:attachment":[{"href":"https:\/\/casacumbia.com\/en\/wp-json\/wp\/v2\/media?parent=50896"}],"wp:term":[{"taxonomy":"product_brand","embeddable":true,"href":"https:\/\/casacumbia.com\/en\/wp-json\/wp\/v2\/product_brand?post=50896"},{"taxonomy":"product_cat","embeddable":true,"href":"https:\/\/casacumbia.com\/en\/wp-json\/wp\/v2\/product_cat?post=50896"},{"taxonomy":"product_tag","embeddable":true,"href":"https:\/\/casacumbia.com\/en\/wp-json\/wp\/v2\/product_tag?post=50896"}],"curies":[{"name":"wp","href":"https:\/\/api.w.org\/{rel}","templated":true}]}}