{"id":50852,"date":"2025-07-20T18:23:09","date_gmt":"2025-07-20T16:23:09","guid":{"rendered":"https:\/\/casacumbia.com\/product\/bougeoir-ange-dore-9x3cm-new-bright\/"},"modified":"2025-09-21T15:17:13","modified_gmt":"2025-09-21T13:17:13","slug":"bougeoir-ange-dore-9x3cm-new-bright","status":"publish","type":"product","link":"https:\/\/casacumbia.com\/en\/produit\/bougeoir-ange-dore-9x3cm-new-bright\/","title":{"rendered":"Chandelier ange dor\u00e9 9x3cm NEW BRIGHT"},"content":{"rendered":"<p>Un No\u00ebl o\u00f9 la couleur se m\u00e9lange \u00e0 la transparence et o\u00f9 les reflets du m\u00e9tal et des couleurs cr\u00e9ent une atmosph\u00e8re magique et contemporaine, et o\u00f9 la fantaisie se m\u00e9lange au naturel, et chaque d\u00e9tail nous surprend.<\/p>\n","protected":false},"excerpt":{"rendered":"<p>Un No\u00ebl o\u00f9 la couleur se m\u00e9lange \u00e0 la transparence et o\u00f9 les reflets du m\u00e9tal et des couleurs cr\u00e9ent<\/p>\n","protected":false},"featured_media":35104,"comment_status":"closed","ping_status":"closed","template":"","meta":[],"product_brand":[],"product_cat":[264],"product_tag":[181,176,166],"class_list":{"0":"post-50852","1":"product","2":"type-product","3":"status-publish","4":"has-post-thumbnail","6":"product_cat-bougies","7":"product_tag-integre-pim","8":"product_tag-petites-dimensions","9":"product_tag-produits-en-ligne","11":"first","12":"instock","13":"shipping-taxable","14":"purchasable","15":"product-type-simple"},"_links":{"self":[{"href":"https:\/\/casacumbia.com\/en\/wp-json\/wp\/v2\/product\/50852","targetHints":{"allow":["GET"]}}],"collection":[{"href":"https:\/\/casacumbia.com\/en\/wp-json\/wp\/v2\/product"}],"about":[{"href":"https:\/\/casacumbia.com\/en\/wp-json\/wp\/v2\/types\/product"}],"replies":[{"embeddable":true,"href":"https:\/\/casacumbia.com\/en\/wp-json\/wp\/v2\/comments?post=50852"}],"version-history":[{"count":1,"href":"https:\/\/casacumbia.com\/en\/wp-json\/wp\/v2\/product\/50852\/revisions"}],"predecessor-version":[{"id":52242,"href":"https:\/\/casacumbia.com\/en\/wp-json\/wp\/v2\/product\/50852\/revisions\/52242"}],"wp:featuredmedia":[{"embeddable":true,"href":"https:\/\/casacumbia.com\/en\/wp-json\/wp\/v2\/media\/35104"}],"wp:attachment":[{"href":"https:\/\/casacumbia.com\/en\/wp-json\/wp\/v2\/media?parent=50852"}],"wp:term":[{"taxonomy":"product_brand","embeddable":true,"href":"https:\/\/casacumbia.com\/en\/wp-json\/wp\/v2\/product_brand?post=50852"},{"taxonomy":"product_cat","embeddable":true,"href":"https:\/\/casacumbia.com\/en\/wp-json\/wp\/v2\/product_cat?post=50852"},{"taxonomy":"product_tag","embeddable":true,"href":"https:\/\/casacumbia.com\/en\/wp-json\/wp\/v2\/product_tag?post=50852"}],"curies":[{"name":"wp","href":"https:\/\/api.w.org\/{rel}","templated":true}]}}