{"id":50818,"date":"2025-07-20T18:20:50","date_gmt":"2025-07-20T16:20:50","guid":{"rendered":"https:\/\/casacumbia.com\/product\/canape-lit-gris-bardot\/"},"modified":"2025-09-21T15:17:05","modified_gmt":"2025-09-21T13:17:05","slug":"canape-lit-gris-bardot","status":"publish","type":"product","link":"https:\/\/casacumbia.com\/en\/produit\/canape-lit-gris-bardot\/","title":{"rendered":"Canap\u00e9-lit gris BARDOT"},"content":{"rendered":"<p>La pi\u00e8ce de d\u00e9tente ultime, l&#8217;aspect accueillant du BARDOT \u00e9pouse naturellement le corps de l&#8217;utilisateur, transmettant une sensation de chaleur et de confort. Les formes organiques se combinent dans un aspect d\u00e9contract\u00e9 et accueillant qui vous invitera \u00e0 vous d\u00e9tendre avec un confort extraordinaire.<br \/>Et parce qu&#8217;un canap\u00e9-lit ne doit pas \u00eatre peu attrayant, BARDOT a \u00e9t\u00e9 cr\u00e9\u00e9 pour ceux qui recherchent un canap\u00e9 beau et confortable avec une fonction cach\u00e9e. La fonction lit dispose d&#8217;une ouverture instantan\u00e9e, pour que tous puissent l&#8217;ouvrir facilement.<br \/>Les contours volumineux de cette pi\u00e8ce apportent une touche de confort sophistiqu\u00e9 \u00e0 n&#8217;importe quelle pi\u00e8ce.  <\/p>\n","protected":false},"excerpt":{"rendered":"<p>La pi\u00e8ce de d\u00e9tente ultime, l&#8217;aspect accueillant du BARDOT \u00e9pouse naturellement le corps de l&#8217;utilisateur, transmettant une sensation de chaleur<\/p>\n","protected":false},"featured_media":33260,"comment_status":"closed","ping_status":"closed","template":"","meta":[],"product_brand":[],"product_cat":[184,246,204],"product_tag":[173,181,166],"class_list":{"0":"post-50818","1":"product","2":"type-product","3":"status-publish","4":"has-post-thumbnail","6":"product_cat-sofas-2","7":"product_cat-canapes","8":"product_cat-promotions-2","9":"product_tag-grandes-dimensions","10":"product_tag-integre-pim","11":"product_tag-produits-en-ligne","13":"first","14":"instock","15":"sale","16":"shipping-taxable","17":"purchasable","18":"product-type-simple"},"_links":{"self":[{"href":"https:\/\/casacumbia.com\/en\/wp-json\/wp\/v2\/product\/50818","targetHints":{"allow":["GET"]}}],"collection":[{"href":"https:\/\/casacumbia.com\/en\/wp-json\/wp\/v2\/product"}],"about":[{"href":"https:\/\/casacumbia.com\/en\/wp-json\/wp\/v2\/types\/product"}],"replies":[{"embeddable":true,"href":"https:\/\/casacumbia.com\/en\/wp-json\/wp\/v2\/comments?post=50818"}],"version-history":[{"count":1,"href":"https:\/\/casacumbia.com\/en\/wp-json\/wp\/v2\/product\/50818\/revisions"}],"predecessor-version":[{"id":53400,"href":"https:\/\/casacumbia.com\/en\/wp-json\/wp\/v2\/product\/50818\/revisions\/53400"}],"wp:featuredmedia":[{"embeddable":true,"href":"https:\/\/casacumbia.com\/en\/wp-json\/wp\/v2\/media\/33260"}],"wp:attachment":[{"href":"https:\/\/casacumbia.com\/en\/wp-json\/wp\/v2\/media?parent=50818"}],"wp:term":[{"taxonomy":"product_brand","embeddable":true,"href":"https:\/\/casacumbia.com\/en\/wp-json\/wp\/v2\/product_brand?post=50818"},{"taxonomy":"product_cat","embeddable":true,"href":"https:\/\/casacumbia.com\/en\/wp-json\/wp\/v2\/product_cat?post=50818"},{"taxonomy":"product_tag","embeddable":true,"href":"https:\/\/casacumbia.com\/en\/wp-json\/wp\/v2\/product_tag?post=50818"}],"curies":[{"name":"wp","href":"https:\/\/api.w.org\/{rel}","templated":true}]}}