{"id":50811,"date":"2025-07-20T18:20:50","date_gmt":"2025-07-20T16:20:50","guid":{"rendered":"https:\/\/casacumbia.com\/product\/canape-avec-pouf-a-droite-beige-craig\/"},"modified":"2025-09-21T15:17:03","modified_gmt":"2025-09-21T13:17:03","slug":"canape-avec-pouf-a-droite-beige-craig","status":"publish","type":"product","link":"https:\/\/casacumbia.com\/en\/produit\/canape-avec-pouf-a-droite-beige-craig\/","title":{"rendered":"Canap\u00e9 avec pouf \u00e0 droite beige CRAIG"},"content":{"rendered":"<p>Canap\u00e9 en U familial de 4 places aux lignes classiques<br \/>Pied en bois en forme de stiletto<br \/>Polyvalent et fonctionnel avec possibilit\u00e9 de deux chaises longues et rangement<br \/>Disponible en 3 couleurs<br \/>Le canap\u00e9 se convertit en canap\u00e9-lit avec les dimensions 290&#215;138 cm<br \/>La position du pouf d\u00e9termine l&#8217;orientation du canap\u00e9.<br \/>Fabriqu\u00e9 au Portugal<\/p>\n","protected":false},"excerpt":{"rendered":"<p>Canap\u00e9 en U familial de 4 places aux lignes classiquesPied en bois en forme de stilettoPolyvalent et fonctionnel avec possibilit\u00e9<\/p>\n","protected":false},"featured_media":33250,"comment_status":"closed","ping_status":"closed","template":"","meta":[],"product_brand":[],"product_cat":[184,246,204],"product_tag":[173,181,166],"class_list":{"0":"post-50811","1":"product","2":"type-product","3":"status-publish","4":"has-post-thumbnail","6":"product_cat-sofas-2","7":"product_cat-canapes","8":"product_cat-promotions-2","9":"product_tag-grandes-dimensions","10":"product_tag-integre-pim","11":"product_tag-produits-en-ligne","13":"first","14":"instock","15":"sale","16":"shipping-taxable","17":"purchasable","18":"product-type-simple"},"_links":{"self":[{"href":"https:\/\/casacumbia.com\/en\/wp-json\/wp\/v2\/product\/50811","targetHints":{"allow":["GET"]}}],"collection":[{"href":"https:\/\/casacumbia.com\/en\/wp-json\/wp\/v2\/product"}],"about":[{"href":"https:\/\/casacumbia.com\/en\/wp-json\/wp\/v2\/types\/product"}],"replies":[{"embeddable":true,"href":"https:\/\/casacumbia.com\/en\/wp-json\/wp\/v2\/comments?post=50811"}],"version-history":[{"count":1,"href":"https:\/\/casacumbia.com\/en\/wp-json\/wp\/v2\/product\/50811\/revisions"}],"predecessor-version":[{"id":53402,"href":"https:\/\/casacumbia.com\/en\/wp-json\/wp\/v2\/product\/50811\/revisions\/53402"}],"wp:featuredmedia":[{"embeddable":true,"href":"https:\/\/casacumbia.com\/en\/wp-json\/wp\/v2\/media\/33250"}],"wp:attachment":[{"href":"https:\/\/casacumbia.com\/en\/wp-json\/wp\/v2\/media?parent=50811"}],"wp:term":[{"taxonomy":"product_brand","embeddable":true,"href":"https:\/\/casacumbia.com\/en\/wp-json\/wp\/v2\/product_brand?post=50811"},{"taxonomy":"product_cat","embeddable":true,"href":"https:\/\/casacumbia.com\/en\/wp-json\/wp\/v2\/product_cat?post=50811"},{"taxonomy":"product_tag","embeddable":true,"href":"https:\/\/casacumbia.com\/en\/wp-json\/wp\/v2\/product_tag?post=50811"}],"curies":[{"name":"wp","href":"https:\/\/api.w.org\/{rel}","templated":true}]}}