{"id":50809,"date":"2025-07-20T18:21:05","date_gmt":"2025-07-20T16:21:05","guid":{"rendered":"https:\/\/casacumbia.com\/product\/canape-lit-avec-chaise-longue-bleu-sandler\/"},"modified":"2025-09-21T15:17:03","modified_gmt":"2025-09-21T13:17:03","slug":"canape-lit-avec-chaise-longue-bleu-sandler","status":"publish","type":"product","link":"https:\/\/casacumbia.com\/en\/produit\/canape-lit-avec-chaise-longue-bleu-sandler\/","title":{"rendered":"Canap\u00e9-lit avec m\u00e9ridienne bleue SANDLER"},"content":{"rendered":"<p>Le canap\u00e9 d&#8217;angle SANDLER pr\u00e9sente un profil lounge compl\u00e9t\u00e9 par ses caract\u00e9ristiques, garantit confort, soutien et de nombreuses options pour organiser votre espace. SANDLER n&#8217;est pas seulement esth\u00e9tiquement agr\u00e9able, mais offre tous les avantages du design de mobilier moderne, tout en restant fid\u00e8le \u00e0 la tradition.<br \/>Ce canap\u00e9-lit a \u00e9t\u00e9 con\u00e7u pour \u00eatre la meilleure option pour les appartements urbains. Vous pouvez recevoir vos amis le week-end sans aucun probl\u00e8me. L&#8217;espace de rangement sous la m\u00e9ridienne est id\u00e9al pour ranger les couvertures ou draps suppl\u00e9mentaires.   <\/p>\n<p>Made in Portugal <br \/>L&#8217;orientation des canap\u00e9s est pr\u00e9sent\u00e9e comme si nous \u00e9tions face au canap\u00e9, et non comme si nous \u00e9tions assis dessus.<\/p>\n","protected":false},"excerpt":{"rendered":"<p>Le canap\u00e9 d&#8217;angle SANDLER pr\u00e9sente un profil lounge compl\u00e9t\u00e9 par ses caract\u00e9ristiques, garantit confort, soutien et de nombreuses options pour<\/p>\n","protected":false},"featured_media":33305,"comment_status":"closed","ping_status":"closed","template":"","meta":[],"product_brand":[],"product_cat":[184,246,204],"product_tag":[173,181,166],"class_list":{"0":"post-50809","1":"product","2":"type-product","3":"status-publish","4":"has-post-thumbnail","6":"product_cat-sofas-2","7":"product_cat-canapes","8":"product_cat-promotions-2","9":"product_tag-grandes-dimensions","10":"product_tag-integre-pim","11":"product_tag-produits-en-ligne","13":"first","14":"instock","15":"sale","16":"shipping-taxable","17":"purchasable","18":"product-type-simple"},"_links":{"self":[{"href":"https:\/\/casacumbia.com\/en\/wp-json\/wp\/v2\/product\/50809","targetHints":{"allow":["GET"]}}],"collection":[{"href":"https:\/\/casacumbia.com\/en\/wp-json\/wp\/v2\/product"}],"about":[{"href":"https:\/\/casacumbia.com\/en\/wp-json\/wp\/v2\/types\/product"}],"replies":[{"embeddable":true,"href":"https:\/\/casacumbia.com\/en\/wp-json\/wp\/v2\/comments?post=50809"}],"version-history":[{"count":1,"href":"https:\/\/casacumbia.com\/en\/wp-json\/wp\/v2\/product\/50809\/revisions"}],"predecessor-version":[{"id":53415,"href":"https:\/\/casacumbia.com\/en\/wp-json\/wp\/v2\/product\/50809\/revisions\/53415"}],"wp:featuredmedia":[{"embeddable":true,"href":"https:\/\/casacumbia.com\/en\/wp-json\/wp\/v2\/media\/33305"}],"wp:attachment":[{"href":"https:\/\/casacumbia.com\/en\/wp-json\/wp\/v2\/media?parent=50809"}],"wp:term":[{"taxonomy":"product_brand","embeddable":true,"href":"https:\/\/casacumbia.com\/en\/wp-json\/wp\/v2\/product_brand?post=50809"},{"taxonomy":"product_cat","embeddable":true,"href":"https:\/\/casacumbia.com\/en\/wp-json\/wp\/v2\/product_cat?post=50809"},{"taxonomy":"product_tag","embeddable":true,"href":"https:\/\/casacumbia.com\/en\/wp-json\/wp\/v2\/product_tag?post=50809"}],"curies":[{"name":"wp","href":"https:\/\/api.w.org\/{rel}","templated":true}]}}