{"id":50807,"date":"2025-07-20T18:21:06","date_gmt":"2025-07-20T16:21:06","guid":{"rendered":"https:\/\/casacumbia.com\/product\/canape-dangle-beige-keen\/"},"modified":"2025-09-21T15:17:02","modified_gmt":"2025-09-21T13:17:02","slug":"canape-dangle-beige-keen","status":"publish","type":"product","link":"https:\/\/casacumbia.com\/en\/produit\/canape-dangle-beige-keen\/","title":{"rendered":"Canap\u00e9 chaise longue beige KEEN"},"content":{"rendered":"<p>Les canap\u00e9s casacumbia misent sur des mat\u00e9riaux de qualit\u00e9 qui, alli\u00e9s au savoir-faire des artisans et aux m\u00e9thodes de construction traditionnelles avec des techniques innovantes, garantissent la qualit\u00e9 et la robustesse des canap\u00e9s. La combinaison entre diff\u00e9rentes techniques de finition et les diff\u00e9rents rev\u00eatements aboutit \u00e0 des d\u00e9tails qui rendent les canap\u00e9s uniques et distinctifs. <\/p>\n<p>Rehaussez le confort et la sophistication de votre salon avec le canap\u00e9 avec chaise longue beige de la collection KEEN. Avec un design \u00e9l\u00e9gant et intemporel, ce canap\u00e9 allie polyvalence et fonctionnalit\u00e9, s&#8217;adaptant \u00e0 diff\u00e9rentes typologies et styles de d\u00e9coration. La chaise longue est r\u00e9versible, pouvant \u00eatre mont\u00e9e aussi bien du c\u00f4t\u00e9 droit que du c\u00f4t\u00e9 gauche du canap\u00e9, offrant une plus grande flexibilit\u00e9 pour s&#8217;adapter \u00e0 votre espace et \u00e0 vos besoins.  <\/p>\n","protected":false},"excerpt":{"rendered":"<p>Les canap\u00e9s casacumbia misent sur des mat\u00e9riaux de qualit\u00e9 qui, alli\u00e9s au savoir-faire des artisans et aux m\u00e9thodes de construction<\/p>\n","protected":false},"featured_media":33367,"comment_status":"closed","ping_status":"closed","template":"","meta":[],"product_brand":[],"product_cat":[184,204,246],"product_tag":[173,181,166],"class_list":{"0":"post-50807","1":"product","2":"type-product","3":"status-publish","4":"has-post-thumbnail","6":"product_cat-sofas-2","7":"product_cat-promotions-2","8":"product_cat-canapes","9":"product_tag-grandes-dimensions","10":"product_tag-integre-pim","11":"product_tag-produits-en-ligne","13":"first","14":"instock","15":"sale","16":"shipping-taxable","17":"purchasable","18":"product-type-simple"},"_links":{"self":[{"href":"https:\/\/casacumbia.com\/en\/wp-json\/wp\/v2\/product\/50807","targetHints":{"allow":["GET"]}}],"collection":[{"href":"https:\/\/casacumbia.com\/en\/wp-json\/wp\/v2\/product"}],"about":[{"href":"https:\/\/casacumbia.com\/en\/wp-json\/wp\/v2\/types\/product"}],"replies":[{"embeddable":true,"href":"https:\/\/casacumbia.com\/en\/wp-json\/wp\/v2\/comments?post=50807"}],"version-history":[{"count":2,"href":"https:\/\/casacumbia.com\/en\/wp-json\/wp\/v2\/product\/50807\/revisions"}],"predecessor-version":[{"id":54202,"href":"https:\/\/casacumbia.com\/en\/wp-json\/wp\/v2\/product\/50807\/revisions\/54202"}],"wp:featuredmedia":[{"embeddable":true,"href":"https:\/\/casacumbia.com\/en\/wp-json\/wp\/v2\/media\/33367"}],"wp:attachment":[{"href":"https:\/\/casacumbia.com\/en\/wp-json\/wp\/v2\/media?parent=50807"}],"wp:term":[{"taxonomy":"product_brand","embeddable":true,"href":"https:\/\/casacumbia.com\/en\/wp-json\/wp\/v2\/product_brand?post=50807"},{"taxonomy":"product_cat","embeddable":true,"href":"https:\/\/casacumbia.com\/en\/wp-json\/wp\/v2\/product_cat?post=50807"},{"taxonomy":"product_tag","embeddable":true,"href":"https:\/\/casacumbia.com\/en\/wp-json\/wp\/v2\/product_tag?post=50807"}],"curies":[{"name":"wp","href":"https:\/\/api.w.org\/{rel}","templated":true}]}}