{"id":50804,"date":"2025-07-20T18:21:06","date_gmt":"2025-07-20T16:21:06","guid":{"rendered":"https:\/\/casacumbia.com\/product\/canape-dangle-gris-cruise\/"},"modified":"2025-09-21T15:17:02","modified_gmt":"2025-09-21T13:17:02","slug":"canape-dangle-gris-cruise","status":"publish","type":"product","link":"https:\/\/casacumbia.com\/en\/produit\/canape-dangle-gris-cruise\/","title":{"rendered":"Canap\u00e9 chaise longue gris CRUISE"},"content":{"rendered":"<p>Canap\u00e9 \u00e9l\u00e9gant et intemporel<br \/>Disponible en deux tailles, avec 2 ou 3 places<br \/>Pieds stiletto<br \/>Version 3 places avec chaise longue \u00e0 gauche ou \u00e0 droite<br \/>Fabriqu\u00e9 au Portugal<\/p>\n","protected":false},"excerpt":{"rendered":"<p>Canap\u00e9 \u00e9l\u00e9gant et intemporelDisponible en deux tailles, avec 2 ou 3 placesPieds stilettoVersion 3 places avec chaise longue \u00e0 gauche<\/p>\n","protected":false},"featured_media":33376,"comment_status":"closed","ping_status":"closed","template":"","meta":[],"product_brand":[],"product_cat":[184,246,204],"product_tag":[173,181,166],"class_list":{"0":"post-50804","1":"product","2":"type-product","3":"status-publish","4":"has-post-thumbnail","6":"product_cat-sofas-2","7":"product_cat-canapes","8":"product_cat-promotions-2","9":"product_tag-grandes-dimensions","10":"product_tag-integre-pim","11":"product_tag-produits-en-ligne","13":"first","14":"instock","15":"sale","16":"shipping-taxable","17":"purchasable","18":"product-type-simple"},"_links":{"self":[{"href":"https:\/\/casacumbia.com\/en\/wp-json\/wp\/v2\/product\/50804","targetHints":{"allow":["GET"]}}],"collection":[{"href":"https:\/\/casacumbia.com\/en\/wp-json\/wp\/v2\/product"}],"about":[{"href":"https:\/\/casacumbia.com\/en\/wp-json\/wp\/v2\/types\/product"}],"replies":[{"embeddable":true,"href":"https:\/\/casacumbia.com\/en\/wp-json\/wp\/v2\/comments?post=50804"}],"version-history":[{"count":1,"href":"https:\/\/casacumbia.com\/en\/wp-json\/wp\/v2\/product\/50804\/revisions"}],"predecessor-version":[{"id":53418,"href":"https:\/\/casacumbia.com\/en\/wp-json\/wp\/v2\/product\/50804\/revisions\/53418"}],"wp:featuredmedia":[{"embeddable":true,"href":"https:\/\/casacumbia.com\/en\/wp-json\/wp\/v2\/media\/33376"}],"wp:attachment":[{"href":"https:\/\/casacumbia.com\/en\/wp-json\/wp\/v2\/media?parent=50804"}],"wp:term":[{"taxonomy":"product_brand","embeddable":true,"href":"https:\/\/casacumbia.com\/en\/wp-json\/wp\/v2\/product_brand?post=50804"},{"taxonomy":"product_cat","embeddable":true,"href":"https:\/\/casacumbia.com\/en\/wp-json\/wp\/v2\/product_cat?post=50804"},{"taxonomy":"product_tag","embeddable":true,"href":"https:\/\/casacumbia.com\/en\/wp-json\/wp\/v2\/product_tag?post=50804"}],"curies":[{"name":"wp","href":"https:\/\/api.w.org\/{rel}","templated":true}]}}