{"id":50803,"date":"2025-07-20T18:21:06","date_gmt":"2025-07-20T16:21:06","guid":{"rendered":"https:\/\/casacumbia.com\/product\/canape-gris-norris\/"},"modified":"2025-09-21T15:17:01","modified_gmt":"2025-09-21T13:17:01","slug":"canape-gris-norris","status":"publish","type":"product","link":"https:\/\/casacumbia.com\/en\/produit\/canape-gris-norris\/","title":{"rendered":"Canap\u00e9 gris NORRIS"},"content":{"rendered":"<p>Le protagoniste de votre salon, \u00e9l\u00e9gant et accueillant, est le Canap\u00e9 Gris NORRIS, une pi\u00e8ce de design con\u00e7ue pour allier confort et fonctionnalit\u00e9.<br \/>Avec un rev\u00eatement en polyester 100 %, rembourr\u00e9 de mousse moelleuse et structure en pin agglom\u00e9r\u00e9, il est \u00e0 la fois r\u00e9sistant et confortable. Le design aux lignes modernes et minimalistes s&#8217;adapte parfaitement \u00e0 tout style de d\u00e9coration.<br \/>Un choix polyvalent et durable qui se distingue par son style et son confort en toutes circonstances <\/p>\n","protected":false},"excerpt":{"rendered":"<p>Le protagoniste de votre salon, \u00e9l\u00e9gant et accueillant, est le Canap\u00e9 Gris NORRIS, une pi\u00e8ce de design con\u00e7ue pour allier<\/p>\n","protected":false},"featured_media":33332,"comment_status":"closed","ping_status":"closed","template":"","meta":[],"product_brand":[],"product_cat":[184,246,204],"product_tag":[173,181,166],"class_list":{"0":"post-50803","1":"product","2":"type-product","3":"status-publish","4":"has-post-thumbnail","6":"product_cat-sofas-2","7":"product_cat-canapes","8":"product_cat-promotions-2","9":"product_tag-grandes-dimensions","10":"product_tag-integre-pim","11":"product_tag-produits-en-ligne","13":"first","14":"instock","15":"sale","16":"shipping-taxable","17":"purchasable","18":"product-type-simple"},"_links":{"self":[{"href":"https:\/\/casacumbia.com\/en\/wp-json\/wp\/v2\/product\/50803","targetHints":{"allow":["GET"]}}],"collection":[{"href":"https:\/\/casacumbia.com\/en\/wp-json\/wp\/v2\/product"}],"about":[{"href":"https:\/\/casacumbia.com\/en\/wp-json\/wp\/v2\/types\/product"}],"replies":[{"embeddable":true,"href":"https:\/\/casacumbia.com\/en\/wp-json\/wp\/v2\/comments?post=50803"}],"version-history":[{"count":1,"href":"https:\/\/casacumbia.com\/en\/wp-json\/wp\/v2\/product\/50803\/revisions"}],"predecessor-version":[{"id":52481,"href":"https:\/\/casacumbia.com\/en\/wp-json\/wp\/v2\/product\/50803\/revisions\/52481"}],"wp:featuredmedia":[{"embeddable":true,"href":"https:\/\/casacumbia.com\/en\/wp-json\/wp\/v2\/media\/33332"}],"wp:attachment":[{"href":"https:\/\/casacumbia.com\/en\/wp-json\/wp\/v2\/media?parent=50803"}],"wp:term":[{"taxonomy":"product_brand","embeddable":true,"href":"https:\/\/casacumbia.com\/en\/wp-json\/wp\/v2\/product_brand?post=50803"},{"taxonomy":"product_cat","embeddable":true,"href":"https:\/\/casacumbia.com\/en\/wp-json\/wp\/v2\/product_cat?post=50803"},{"taxonomy":"product_tag","embeddable":true,"href":"https:\/\/casacumbia.com\/en\/wp-json\/wp\/v2\/product_tag?post=50803"}],"curies":[{"name":"wp","href":"https:\/\/api.w.org\/{rel}","templated":true}]}}