{"id":50792,"date":"2025-07-20T18:21:06","date_gmt":"2025-07-20T16:21:06","guid":{"rendered":"https:\/\/casacumbia.com\/product\/canape-dangle-gauche-bordeaux-arlen\/"},"modified":"2025-09-21T15:16:58","modified_gmt":"2025-09-21T13:16:58","slug":"canape-dangle-gauche-bordeaux-arlen","status":"publish","type":"product","link":"https:\/\/casacumbia.com\/en\/produit\/canape-dangle-gauche-bordeaux-arlen\/","title":{"rendered":"Canap\u00e9 chaise longue gauche bordeaux ARLEN"},"content":{"rendered":"<p>Rehaussez le confort et la sophistication de votre salon avec le Canap\u00e9 avec Chaise Longue Moutarde ARLEN. Avec un design \u00e9l\u00e9gant et intemporel, ce canap\u00e9 allie polyvalence et fonctionnalit\u00e9, s&#8217;adaptant \u00e0 diff\u00e9rentes typologies et styles de d\u00e9coration. Sa chaise longue positionn\u00e9e \u00e0 droite offre un espace suppl\u00e9mentaire pour la d\u00e9tente.<br \/>Fabriqu\u00e9 avec une structure robuste en pin agglom\u00e9r\u00e9, mousse et fibre, le canap\u00e9 garantit durabilit\u00e9 et stabilit\u00e9. Le rev\u00eatement en polyester 100 % de haute qualit\u00e9, dans la sophistiqu\u00e9e couleur grise, ajoute une touche accueillante et raffin\u00e9e \u00e0 l&#8217;environnement. Les pieds en m\u00e9tal apportent une finition moderne et r\u00e9sistante, tandis que les lignes simples et harmonieuses font de l&#8217;ARLEN le choix parfait pour transformer votre salon en un refuge de confort et de style.<br \/>L&#8217;orientation des canap\u00e9s est pr\u00e9sent\u00e9e comme si nous \u00e9tions face au canap\u00e9, et non comme si nous \u00e9tions assis dessus.    <\/p>\n","protected":false},"excerpt":{"rendered":"<p>Rehaussez le confort et la sophistication de votre salon avec le Canap\u00e9 avec Chaise Longue Moutarde ARLEN. Avec un design<\/p>\n","protected":false},"featured_media":33431,"comment_status":"closed","ping_status":"closed","template":"","meta":[],"product_brand":[],"product_cat":[184,246,204],"product_tag":[173,181,166],"class_list":{"0":"post-50792","1":"product","2":"type-product","3":"status-publish","4":"has-post-thumbnail","6":"product_cat-sofas-2","7":"product_cat-canapes","8":"product_cat-promotions-2","9":"product_tag-grandes-dimensions","10":"product_tag-integre-pim","11":"product_tag-produits-en-ligne","13":"first","14":"instock","15":"sale","16":"shipping-taxable","17":"purchasable","18":"product-type-simple"},"_links":{"self":[{"href":"https:\/\/casacumbia.com\/en\/wp-json\/wp\/v2\/product\/50792","targetHints":{"allow":["GET"]}}],"collection":[{"href":"https:\/\/casacumbia.com\/en\/wp-json\/wp\/v2\/product"}],"about":[{"href":"https:\/\/casacumbia.com\/en\/wp-json\/wp\/v2\/types\/product"}],"replies":[{"embeddable":true,"href":"https:\/\/casacumbia.com\/en\/wp-json\/wp\/v2\/comments?post=50792"}],"version-history":[{"count":1,"href":"https:\/\/casacumbia.com\/en\/wp-json\/wp\/v2\/product\/50792\/revisions"}],"predecessor-version":[{"id":53414,"href":"https:\/\/casacumbia.com\/en\/wp-json\/wp\/v2\/product\/50792\/revisions\/53414"}],"wp:featuredmedia":[{"embeddable":true,"href":"https:\/\/casacumbia.com\/en\/wp-json\/wp\/v2\/media\/33431"}],"wp:attachment":[{"href":"https:\/\/casacumbia.com\/en\/wp-json\/wp\/v2\/media?parent=50792"}],"wp:term":[{"taxonomy":"product_brand","embeddable":true,"href":"https:\/\/casacumbia.com\/en\/wp-json\/wp\/v2\/product_brand?post=50792"},{"taxonomy":"product_cat","embeddable":true,"href":"https:\/\/casacumbia.com\/en\/wp-json\/wp\/v2\/product_cat?post=50792"},{"taxonomy":"product_tag","embeddable":true,"href":"https:\/\/casacumbia.com\/en\/wp-json\/wp\/v2\/product_tag?post=50792"}],"curies":[{"name":"wp","href":"https:\/\/api.w.org\/{rel}","templated":true}]}}