{"id":50788,"date":"2025-07-20T18:21:07","date_gmt":"2025-07-20T16:21:07","guid":{"rendered":"https:\/\/casacumbia.com\/product\/canape-dangle-gauche-vert-bardem\/"},"modified":"2025-09-21T15:16:57","modified_gmt":"2025-09-21T13:16:57","slug":"canape-dangle-gauche-vert-bardem","status":"publish","type":"product","link":"https:\/\/casacumbia.com\/en\/produit\/canape-dangle-gauche-vert-bardem\/","title":{"rendered":"Canap\u00e9 chaise longue gauche vert BARDEM"},"content":{"rendered":"<p>Un canap\u00e9 d&#8217;angle aux dimensions g\u00e9n\u00e9reuses et aux formes minimalistes, polyvalent et \u00ab multifonctionnel \u00bb.<\/p>\n<p>BARDEM poss\u00e8de un m\u00e9canisme d&#8217;adaptation de la profondeur de l&#8217;assise sur lequel s&#8217;appuient les dossiers et les accoudoirs, qui permet d&#8217;exploiter pleinement l&#8217;assise, \u00e9largissant la surface utile pour offrir un lit confortable. Les dossiers hauts transmettent une remarquable sensation de confort et conf\u00e8rent un caract\u00e8re fort et contemporain au canap\u00e9. Les pieds m\u00e9talliques noirs alli\u00e9s \u00e0 une plateforme droite cr\u00e9ent un curieux effet flottant  <\/p>\n","protected":false},"excerpt":{"rendered":"<p>Un canap\u00e9 d&#8217;angle aux dimensions g\u00e9n\u00e9reuses et aux formes minimalistes, polyvalent et \u00ab multifonctionnel \u00bb. BARDEM poss\u00e8de un m\u00e9canisme d&#8217;adaptation<\/p>\n","protected":false},"featured_media":33519,"comment_status":"closed","ping_status":"closed","template":"","meta":[],"product_brand":[],"product_cat":[184,246,204],"product_tag":[173,181,166],"class_list":{"0":"post-50788","1":"product","2":"type-product","3":"status-publish","4":"has-post-thumbnail","6":"product_cat-sofas-2","7":"product_cat-canapes","8":"product_cat-promotions-2","9":"product_tag-grandes-dimensions","10":"product_tag-integre-pim","11":"product_tag-produits-en-ligne","13":"first","14":"instock","15":"sale","16":"shipping-taxable","17":"purchasable","18":"product-type-simple"},"_links":{"self":[{"href":"https:\/\/casacumbia.com\/en\/wp-json\/wp\/v2\/product\/50788","targetHints":{"allow":["GET"]}}],"collection":[{"href":"https:\/\/casacumbia.com\/en\/wp-json\/wp\/v2\/product"}],"about":[{"href":"https:\/\/casacumbia.com\/en\/wp-json\/wp\/v2\/types\/product"}],"replies":[{"embeddable":true,"href":"https:\/\/casacumbia.com\/en\/wp-json\/wp\/v2\/comments?post=50788"}],"version-history":[{"count":1,"href":"https:\/\/casacumbia.com\/en\/wp-json\/wp\/v2\/product\/50788\/revisions"}],"predecessor-version":[{"id":52485,"href":"https:\/\/casacumbia.com\/en\/wp-json\/wp\/v2\/product\/50788\/revisions\/52485"}],"wp:featuredmedia":[{"embeddable":true,"href":"https:\/\/casacumbia.com\/en\/wp-json\/wp\/v2\/media\/33519"}],"wp:attachment":[{"href":"https:\/\/casacumbia.com\/en\/wp-json\/wp\/v2\/media?parent=50788"}],"wp:term":[{"taxonomy":"product_brand","embeddable":true,"href":"https:\/\/casacumbia.com\/en\/wp-json\/wp\/v2\/product_brand?post=50788"},{"taxonomy":"product_cat","embeddable":true,"href":"https:\/\/casacumbia.com\/en\/wp-json\/wp\/v2\/product_cat?post=50788"},{"taxonomy":"product_tag","embeddable":true,"href":"https:\/\/casacumbia.com\/en\/wp-json\/wp\/v2\/product_tag?post=50788"}],"curies":[{"name":"wp","href":"https:\/\/api.w.org\/{rel}","templated":true}]}}