{"id":50778,"date":"2025-07-20T18:21:22","date_gmt":"2025-07-20T16:21:22","guid":{"rendered":"https:\/\/casacumbia.com\/product\/housse-de-coussin-en-chenille-verte-60x60-indie\/"},"modified":"2025-09-21T15:16:55","modified_gmt":"2025-09-21T13:16:55","slug":"housse-de-coussin-en-chenille-verte-60x60-indie","status":"publish","type":"product","link":"https:\/\/casacumbia.com\/en\/produit\/housse-de-coussin-en-chenille-verte-60x60-indie\/","title":{"rendered":"Housse de Coussin Chenille Verte 60&#215;60 INDIE"},"content":{"rendered":"<p>La Collection Indie combine diff\u00e9rents styles, couleurs et motifs, avec la possibilit\u00e9 de s&#8217;harmoniser \u00e9galement avec d&#8217;autres collections.<\/p>\n","protected":false},"excerpt":{"rendered":"<p>La Collection Indie combine diff\u00e9rents styles, couleurs et motifs, avec la possibilit\u00e9 de s&#8217;harmoniser \u00e9galement avec d&#8217;autres collections.<\/p>\n","protected":false},"featured_media":33630,"comment_status":"closed","ping_status":"closed","template":"","meta":[],"product_brand":[],"product_cat":[238],"product_tag":[181,176,166],"class_list":{"0":"post-50778","1":"product","2":"type-product","3":"status-publish","4":"has-post-thumbnail","6":"product_cat-coussins","7":"product_tag-integre-pim","8":"product_tag-petites-dimensions","9":"product_tag-produits-en-ligne","11":"first","12":"instock","13":"shipping-taxable","14":"purchasable","15":"product-type-simple"},"_links":{"self":[{"href":"https:\/\/casacumbia.com\/en\/wp-json\/wp\/v2\/product\/50778","targetHints":{"allow":["GET"]}}],"collection":[{"href":"https:\/\/casacumbia.com\/en\/wp-json\/wp\/v2\/product"}],"about":[{"href":"https:\/\/casacumbia.com\/en\/wp-json\/wp\/v2\/types\/product"}],"replies":[{"embeddable":true,"href":"https:\/\/casacumbia.com\/en\/wp-json\/wp\/v2\/comments?post=50778"}],"version-history":[{"count":1,"href":"https:\/\/casacumbia.com\/en\/wp-json\/wp\/v2\/product\/50778\/revisions"}],"predecessor-version":[{"id":52494,"href":"https:\/\/casacumbia.com\/en\/wp-json\/wp\/v2\/product\/50778\/revisions\/52494"}],"wp:featuredmedia":[{"embeddable":true,"href":"https:\/\/casacumbia.com\/en\/wp-json\/wp\/v2\/media\/33630"}],"wp:attachment":[{"href":"https:\/\/casacumbia.com\/en\/wp-json\/wp\/v2\/media?parent=50778"}],"wp:term":[{"taxonomy":"product_brand","embeddable":true,"href":"https:\/\/casacumbia.com\/en\/wp-json\/wp\/v2\/product_brand?post=50778"},{"taxonomy":"product_cat","embeddable":true,"href":"https:\/\/casacumbia.com\/en\/wp-json\/wp\/v2\/product_cat?post=50778"},{"taxonomy":"product_tag","embeddable":true,"href":"https:\/\/casacumbia.com\/en\/wp-json\/wp\/v2\/product_tag?post=50778"}],"curies":[{"name":"wp","href":"https:\/\/api.w.org\/{rel}","templated":true}]}}