{"id":50775,"date":"2025-07-20T18:21:22","date_gmt":"2025-07-20T16:21:22","guid":{"rendered":"https:\/\/casacumbia.com\/product\/canape-lit-gris-avery\/"},"modified":"2025-09-21T15:16:54","modified_gmt":"2025-09-21T13:16:54","slug":"canape-lit-gris-avery","status":"publish","type":"product","link":"https:\/\/casacumbia.com\/en\/produit\/canape-lit-gris-avery\/","title":{"rendered":"Canap\u00e9-lit gris AVERY"},"content":{"rendered":"<p><span data-teams=\"true\">L&#8217;AVERY se pr\u00e9sente comme un canap\u00e9 3 places tr\u00e8s complet avec fonction lit &#8211; facile \u00e0 ouvrir et \u00e0 ranger &#8211; et deux assises suppl\u00e9mentaires qui sont rang\u00e9es dans le second accoudoir. La sensation d&#8217;assise moelleuse r\u00e9sulte de l&#8217;application de mousse souple, de fibre de polyester et de ressorts zigzag. Avec coussins amovibles qui permettent un ajustement plus confortable, 2 places suppl\u00e9mentaires avec poufs du c\u00f4t\u00e9 de l&#8217;accoudoir et une hauteur interm\u00e9diaire au niveau du dossier.   <\/span><\/p>\n<p><span data-teams=\"true\">Dimensions : 248x87x90cm<strong> <\/strong><\/span><\/p>\n","protected":false},"excerpt":{"rendered":"<p>L&#8217;AVERY se pr\u00e9sente comme un canap\u00e9 3 places tr\u00e8s complet avec fonction lit &#8211; facile \u00e0 ouvrir et \u00e0 ranger<\/p>\n","protected":false},"featured_media":33613,"comment_status":"closed","ping_status":"closed","template":"","meta":[],"product_brand":[],"product_cat":[184,246,204],"product_tag":[202,215,216,173,181,166],"class_list":{"0":"post-50775","1":"product","2":"type-product","3":"status-publish","4":"has-post-thumbnail","6":"product_cat-sofas-2","7":"product_cat-canapes","8":"product_cat-promotions-2","9":"product_tag-bienvenue","10":"product_tag-budwing-fr","11":"product_tag-budwing_chat","12":"product_tag-grandes-dimensions","13":"product_tag-integre-pim","14":"product_tag-produits-en-ligne","16":"first","17":"instock","18":"sale","19":"shipping-taxable","20":"purchasable","21":"product-type-simple"},"_links":{"self":[{"href":"https:\/\/casacumbia.com\/en\/wp-json\/wp\/v2\/product\/50775","targetHints":{"allow":["GET"]}}],"collection":[{"href":"https:\/\/casacumbia.com\/en\/wp-json\/wp\/v2\/product"}],"about":[{"href":"https:\/\/casacumbia.com\/en\/wp-json\/wp\/v2\/types\/product"}],"replies":[{"embeddable":true,"href":"https:\/\/casacumbia.com\/en\/wp-json\/wp\/v2\/comments?post=50775"}],"version-history":[{"count":1,"href":"https:\/\/casacumbia.com\/en\/wp-json\/wp\/v2\/product\/50775\/revisions"}],"predecessor-version":[{"id":52498,"href":"https:\/\/casacumbia.com\/en\/wp-json\/wp\/v2\/product\/50775\/revisions\/52498"}],"wp:featuredmedia":[{"embeddable":true,"href":"https:\/\/casacumbia.com\/en\/wp-json\/wp\/v2\/media\/33613"}],"wp:attachment":[{"href":"https:\/\/casacumbia.com\/en\/wp-json\/wp\/v2\/media?parent=50775"}],"wp:term":[{"taxonomy":"product_brand","embeddable":true,"href":"https:\/\/casacumbia.com\/en\/wp-json\/wp\/v2\/product_brand?post=50775"},{"taxonomy":"product_cat","embeddable":true,"href":"https:\/\/casacumbia.com\/en\/wp-json\/wp\/v2\/product_cat?post=50775"},{"taxonomy":"product_tag","embeddable":true,"href":"https:\/\/casacumbia.com\/en\/wp-json\/wp\/v2\/product_tag?post=50775"}],"curies":[{"name":"wp","href":"https:\/\/api.w.org\/{rel}","templated":true}]}}