{"id":50773,"date":"2025-07-20T18:21:22","date_gmt":"2025-07-20T16:21:22","guid":{"rendered":"https:\/\/casacumbia.com\/product\/canape-lit-avec-chaise-longue-vert-lauren\/"},"modified":"2025-09-21T15:16:54","modified_gmt":"2025-09-21T13:16:54","slug":"canape-lit-avec-chaise-longue-vert-lauren","status":"publish","type":"product","link":"https:\/\/casacumbia.com\/en\/produit\/canape-lit-avec-chaise-longue-vert-lauren\/","title":{"rendered":"Canap\u00e9-lit avec chaise longue vert LAUREN"},"content":{"rendered":"<p><span data-teams=\"true\">Le LAUREN a \u00e9t\u00e9 cr\u00e9\u00e9 pour ceux qui recherchent un canap\u00e9 \u00e0 la fois beau, confortable et polyvalent : la v\u00e9ritable pi\u00e8ce de d\u00e9tente ! Le canap\u00e9 accueillant LAUREN enveloppe d\u00e9licatement le corps de l&#8217;utilisateur, transmettant une sensation de chaleur et de confort. Le lit dispose d&#8217;une fonction d&#8217;ouverture instantan\u00e9e, l&#8217;assise s&#8217;ouvre et le dossier se rabat, pour que n&#8217;importe qui puisse l&#8217;ouvrir facilement. Il pr\u00e9sente \u00e9galement un coffre parfaitement int\u00e9gr\u00e9 pour un rangement pratique et une hauteur interm\u00e9diaire du dossier.   <\/span><\/p>\n<p><span data-teams=\"true\"><span><meta charset=\"utf-8\">L&#8217;orientation des canap\u00e9s est pr\u00e9sent\u00e9e comme si nous \u00e9tions face au canap\u00e9, et non comme si nous \u00e9tions assis dessus.<\/span><\/span><\/p>\n<p><span data-teams=\"true\">Dimensions : 269x158x96 cm <\/span><\/p>\n","protected":false},"excerpt":{"rendered":"<p>Le LAUREN a \u00e9t\u00e9 cr\u00e9\u00e9 pour ceux qui recherchent un canap\u00e9 \u00e0 la fois beau, confortable et polyvalent : la<\/p>\n","protected":false},"featured_media":33619,"comment_status":"closed","ping_status":"closed","template":"","meta":[],"product_brand":[],"product_cat":[184,246,204],"product_tag":[202,215,216,173,181,166],"class_list":{"0":"post-50773","1":"product","2":"type-product","3":"status-publish","4":"has-post-thumbnail","6":"product_cat-sofas-2","7":"product_cat-canapes","8":"product_cat-promotions-2","9":"product_tag-bienvenue","10":"product_tag-budwing-fr","11":"product_tag-budwing_chat","12":"product_tag-grandes-dimensions","13":"product_tag-integre-pim","14":"product_tag-produits-en-ligne","16":"first","17":"instock","18":"sale","19":"shipping-taxable","20":"purchasable","21":"product-type-simple"},"_links":{"self":[{"href":"https:\/\/casacumbia.com\/en\/wp-json\/wp\/v2\/product\/50773","targetHints":{"allow":["GET"]}}],"collection":[{"href":"https:\/\/casacumbia.com\/en\/wp-json\/wp\/v2\/product"}],"about":[{"href":"https:\/\/casacumbia.com\/en\/wp-json\/wp\/v2\/types\/product"}],"replies":[{"embeddable":true,"href":"https:\/\/casacumbia.com\/en\/wp-json\/wp\/v2\/comments?post=50773"}],"version-history":[{"count":1,"href":"https:\/\/casacumbia.com\/en\/wp-json\/wp\/v2\/product\/50773\/revisions"}],"predecessor-version":[{"id":52496,"href":"https:\/\/casacumbia.com\/en\/wp-json\/wp\/v2\/product\/50773\/revisions\/52496"}],"wp:featuredmedia":[{"embeddable":true,"href":"https:\/\/casacumbia.com\/en\/wp-json\/wp\/v2\/media\/33619"}],"wp:attachment":[{"href":"https:\/\/casacumbia.com\/en\/wp-json\/wp\/v2\/media?parent=50773"}],"wp:term":[{"taxonomy":"product_brand","embeddable":true,"href":"https:\/\/casacumbia.com\/en\/wp-json\/wp\/v2\/product_brand?post=50773"},{"taxonomy":"product_cat","embeddable":true,"href":"https:\/\/casacumbia.com\/en\/wp-json\/wp\/v2\/product_cat?post=50773"},{"taxonomy":"product_tag","embeddable":true,"href":"https:\/\/casacumbia.com\/en\/wp-json\/wp\/v2\/product_tag?post=50773"}],"curies":[{"name":"wp","href":"https:\/\/api.w.org\/{rel}","templated":true}]}}