{"id":50772,"date":"2025-07-20T18:21:22","date_gmt":"2025-07-20T16:21:22","guid":{"rendered":"https:\/\/casacumbia.com\/product\/rideau-en-chenille-vert-indie\/"},"modified":"2025-09-21T15:16:53","modified_gmt":"2025-09-21T13:16:53","slug":"rideau-en-chenille-vert-indie","status":"publish","type":"product","link":"https:\/\/casacumbia.com\/en\/produit\/rideau-en-chenille-vert-indie\/","title":{"rendered":"Rideau Chenille Vert INDIE"},"content":{"rendered":"<p>La Collection Indie combine diff\u00e9rents styles, couleurs et motifs, avec la possibilit\u00e9 de s&#8217;harmoniser \u00e9galement avec d&#8217;autres collections.<\/p>\n","protected":false},"excerpt":{"rendered":"<p>La Collection Indie combine diff\u00e9rents styles, couleurs et motifs, avec la possibilit\u00e9 de s&#8217;harmoniser \u00e9galement avec d&#8217;autres collections.<\/p>\n","protected":false},"featured_media":33639,"comment_status":"closed","ping_status":"closed","template":"","meta":[],"product_brand":[],"product_cat":[182,239],"product_tag":[181,212,176,166],"class_list":{"0":"post-50772","1":"product","2":"type-product","3":"status-publish","4":"has-post-thumbnail","6":"product_cat-textiles-2","7":"product_cat-rideaux","8":"product_tag-integre-pim","9":"product_tag-mix-en-ligne","10":"product_tag-petites-dimensions","11":"product_tag-produits-en-ligne","13":"first","14":"instock","15":"shipping-taxable","16":"purchasable","17":"product-type-simple"},"_links":{"self":[{"href":"https:\/\/casacumbia.com\/en\/wp-json\/wp\/v2\/product\/50772","targetHints":{"allow":["GET"]}}],"collection":[{"href":"https:\/\/casacumbia.com\/en\/wp-json\/wp\/v2\/product"}],"about":[{"href":"https:\/\/casacumbia.com\/en\/wp-json\/wp\/v2\/types\/product"}],"replies":[{"embeddable":true,"href":"https:\/\/casacumbia.com\/en\/wp-json\/wp\/v2\/comments?post=50772"}],"version-history":[{"count":1,"href":"https:\/\/casacumbia.com\/en\/wp-json\/wp\/v2\/product\/50772\/revisions"}],"predecessor-version":[{"id":52499,"href":"https:\/\/casacumbia.com\/en\/wp-json\/wp\/v2\/product\/50772\/revisions\/52499"}],"wp:featuredmedia":[{"embeddable":true,"href":"https:\/\/casacumbia.com\/en\/wp-json\/wp\/v2\/media\/33639"}],"wp:attachment":[{"href":"https:\/\/casacumbia.com\/en\/wp-json\/wp\/v2\/media?parent=50772"}],"wp:term":[{"taxonomy":"product_brand","embeddable":true,"href":"https:\/\/casacumbia.com\/en\/wp-json\/wp\/v2\/product_brand?post=50772"},{"taxonomy":"product_cat","embeddable":true,"href":"https:\/\/casacumbia.com\/en\/wp-json\/wp\/v2\/product_cat?post=50772"},{"taxonomy":"product_tag","embeddable":true,"href":"https:\/\/casacumbia.com\/en\/wp-json\/wp\/v2\/product_tag?post=50772"}],"curies":[{"name":"wp","href":"https:\/\/api.w.org\/{rel}","templated":true}]}}