{"id":50750,"date":"2025-07-20T18:21:36","date_gmt":"2025-07-20T16:21:36","guid":{"rendered":"https:\/\/casacumbia.com\/product\/module-de-canape-avec-accoudoir-droit-beige-dicaprio\/"},"modified":"2025-09-21T15:16:47","modified_gmt":"2025-09-21T13:16:47","slug":"module-de-canape-avec-accoudoir-droit-beige-dicaprio","status":"publish","type":"product","link":"https:\/\/casacumbia.com\/en\/produit\/module-de-canape-avec-accoudoir-droit-beige-dicaprio\/","title":{"rendered":"Module de canap\u00e9 avec accoudoir droit beige DICAPRIO"},"content":{"rendered":"<p>Les canap\u00e9s casacumbia misent sur des mat\u00e9riaux de qualit\u00e9 qui, alli\u00e9s au savoir-faire des artisans et aux m\u00e9thodes de construction traditionnelles avec des techniques innovantes, garantissent la qualit\u00e9 et la robustesse des canap\u00e9s. La combinaison entre diff\u00e9rentes techniques de finition et les diff\u00e9rents rev\u00eatements aboutit \u00e0 des d\u00e9tails qui rendent les canap\u00e9s uniques et distinctifs. <\/p>\n<p>Parmi les diverses options, le module avec accoudoir droit beige de la collection DICAPRIO se distingue par la combinaison d&#8217;un rev\u00eatement en 100 % polyester de haute qualit\u00e9 et d&#8217;une structure robuste. Cette pi\u00e8ce refl\u00e8te sophistication, confort et durabilit\u00e9, contribuant \u00e0 cr\u00e9er des environnements \u00e9l\u00e9gants et accueillants. <\/p>\n","protected":false},"excerpt":{"rendered":"<p>Les canap\u00e9s casacumbia misent sur des mat\u00e9riaux de qualit\u00e9 qui, alli\u00e9s au savoir-faire des artisans et aux m\u00e9thodes de construction<\/p>\n","protected":false},"featured_media":33818,"comment_status":"closed","ping_status":"closed","template":"","meta":[],"product_brand":[],"product_cat":[184,246,204],"product_tag":[173,181,166],"class_list":{"0":"post-50750","1":"product","2":"type-product","3":"status-publish","4":"has-post-thumbnail","6":"product_cat-sofas-2","7":"product_cat-canapes","8":"product_cat-promotions-2","9":"product_tag-grandes-dimensions","10":"product_tag-integre-pim","11":"product_tag-produits-en-ligne","13":"first","14":"instock","15":"sale","16":"shipping-taxable","17":"purchasable","18":"product-type-simple"},"_links":{"self":[{"href":"https:\/\/casacumbia.com\/en\/wp-json\/wp\/v2\/product\/50750","targetHints":{"allow":["GET"]}}],"collection":[{"href":"https:\/\/casacumbia.com\/en\/wp-json\/wp\/v2\/product"}],"about":[{"href":"https:\/\/casacumbia.com\/en\/wp-json\/wp\/v2\/types\/product"}],"replies":[{"embeddable":true,"href":"https:\/\/casacumbia.com\/en\/wp-json\/wp\/v2\/comments?post=50750"}],"version-history":[{"count":2,"href":"https:\/\/casacumbia.com\/en\/wp-json\/wp\/v2\/product\/50750\/revisions"}],"predecessor-version":[{"id":54186,"href":"https:\/\/casacumbia.com\/en\/wp-json\/wp\/v2\/product\/50750\/revisions\/54186"}],"wp:featuredmedia":[{"embeddable":true,"href":"https:\/\/casacumbia.com\/en\/wp-json\/wp\/v2\/media\/33818"}],"wp:attachment":[{"href":"https:\/\/casacumbia.com\/en\/wp-json\/wp\/v2\/media?parent=50750"}],"wp:term":[{"taxonomy":"product_brand","embeddable":true,"href":"https:\/\/casacumbia.com\/en\/wp-json\/wp\/v2\/product_brand?post=50750"},{"taxonomy":"product_cat","embeddable":true,"href":"https:\/\/casacumbia.com\/en\/wp-json\/wp\/v2\/product_cat?post=50750"},{"taxonomy":"product_tag","embeddable":true,"href":"https:\/\/casacumbia.com\/en\/wp-json\/wp\/v2\/product_tag?post=50750"}],"curies":[{"name":"wp","href":"https:\/\/api.w.org\/{rel}","templated":true}]}}