{"id":50749,"date":"2025-07-20T18:21:36","date_gmt":"2025-07-20T16:21:36","guid":{"rendered":"https:\/\/casacumbia.com\/product\/module-de-canape-pouf-beige-cotillard\/"},"modified":"2025-09-21T15:16:47","modified_gmt":"2025-09-21T13:16:47","slug":"module-de-canape-pouf-beige-cotillard","status":"publish","type":"product","link":"https:\/\/casacumbia.com\/en\/produit\/module-de-canape-pouf-beige-cotillard\/","title":{"rendered":"Module de canap\u00e9 pouf beige COTILLARD"},"content":{"rendered":"<p>Les canap\u00e9s casacumbia misent sur des mat\u00e9riaux de qualit\u00e9 qui, alli\u00e9s au savoir-faire des artisans et aux m\u00e9thodes de construction traditionnelles avec des techniques innovantes, garantissent la qualit\u00e9 et la robustesse des canap\u00e9s. La combinaison entre diff\u00e9rentes techniques de finition et les diff\u00e9rents rev\u00eatements aboutit \u00e0 des d\u00e9tails qui rendent les canap\u00e9s uniques et distinctifs. <\/p>\n<p>Le Canap\u00e9 Cotillard est indiqu\u00e9 pour ceux qui recherchent un canap\u00e9 polyvalent, confortable, pratique, fonctionnel et design.<br \/>Ce canap\u00e9 est constitu\u00e9 de modules individuels qui s&#8217;assemblent \u00e0 partir d&#8217;un crochet m\u00e2le et femelle permettant de fixer les modules pour qu&#8217;ils ne se s\u00e9parent pas. <br \/>Pour s\u00e9parer le module, il suffit de le soulever.<br \/>Ainsi ce mod\u00e8le de canap\u00e9 permet au client de cr\u00e9er son propre canap\u00e9 avec les modules disponibles, r\u00e9ussissant de cette fa\u00e7on \u00e0 optimiser l&#8217;espace.<br \/>Le mod\u00e8le beige du Canap\u00e9 Cotillard a un d\u00e9lai de livraison estim\u00e9 d&#8217;au moins 2 mois.<\/p>\n","protected":false},"excerpt":{"rendered":"<p>Les canap\u00e9s casacumbia misent sur des mat\u00e9riaux de qualit\u00e9 qui, alli\u00e9s au savoir-faire des artisans et aux m\u00e9thodes de construction<\/p>\n","protected":false},"featured_media":33900,"comment_status":"closed","ping_status":"closed","template":"","meta":[],"product_brand":[],"product_cat":[184,246,204],"product_tag":[173,181,166],"class_list":{"0":"post-50749","1":"product","2":"type-product","3":"status-publish","4":"has-post-thumbnail","6":"product_cat-sofas-2","7":"product_cat-canapes","8":"product_cat-promotions-2","9":"product_tag-grandes-dimensions","10":"product_tag-integre-pim","11":"product_tag-produits-en-ligne","13":"first","14":"instock","15":"sale","16":"shipping-taxable","17":"purchasable","18":"product-type-simple"},"_links":{"self":[{"href":"https:\/\/casacumbia.com\/en\/wp-json\/wp\/v2\/product\/50749","targetHints":{"allow":["GET"]}}],"collection":[{"href":"https:\/\/casacumbia.com\/en\/wp-json\/wp\/v2\/product"}],"about":[{"href":"https:\/\/casacumbia.com\/en\/wp-json\/wp\/v2\/types\/product"}],"replies":[{"embeddable":true,"href":"https:\/\/casacumbia.com\/en\/wp-json\/wp\/v2\/comments?post=50749"}],"version-history":[{"count":2,"href":"https:\/\/casacumbia.com\/en\/wp-json\/wp\/v2\/product\/50749\/revisions"}],"predecessor-version":[{"id":54185,"href":"https:\/\/casacumbia.com\/en\/wp-json\/wp\/v2\/product\/50749\/revisions\/54185"}],"wp:featuredmedia":[{"embeddable":true,"href":"https:\/\/casacumbia.com\/en\/wp-json\/wp\/v2\/media\/33900"}],"wp:attachment":[{"href":"https:\/\/casacumbia.com\/en\/wp-json\/wp\/v2\/media?parent=50749"}],"wp:term":[{"taxonomy":"product_brand","embeddable":true,"href":"https:\/\/casacumbia.com\/en\/wp-json\/wp\/v2\/product_brand?post=50749"},{"taxonomy":"product_cat","embeddable":true,"href":"https:\/\/casacumbia.com\/en\/wp-json\/wp\/v2\/product_cat?post=50749"},{"taxonomy":"product_tag","embeddable":true,"href":"https:\/\/casacumbia.com\/en\/wp-json\/wp\/v2\/product_tag?post=50749"}],"curies":[{"name":"wp","href":"https:\/\/api.w.org\/{rel}","templated":true}]}}