{"id":50739,"date":"2025-07-20T18:21:36","date_gmt":"2025-07-20T16:21:36","guid":{"rendered":"https:\/\/casacumbia.com\/product\/spatule-a-pizza-cook\/"},"modified":"2025-09-21T15:16:45","modified_gmt":"2025-09-21T13:16:45","slug":"spatule-a-pizza-cook","status":"publish","type":"product","link":"https:\/\/casacumbia.com\/en\/produit\/spatule-a-pizza-cook\/","title":{"rendered":"Spatule \u00e0 Pizza COOK"},"content":{"rendered":"<p>La collection COOK rassemble des ustensiles de cuisine pens\u00e9s pour le quotidien, en mettant l&#8217;accent sur la fonctionnalit\u00e9 et le plaisir de cuisiner. Elle comprend une planche \u00e0 d\u00e9couper polyvalente, un coupe-pizza et une spatule de service \u2013 le trio parfait pour des repas d\u00e9contract\u00e9s ou des moments partag\u00e9s \u00e0 table. <\/p>\n<p>Avec un design simple et efficace, ces pi\u00e8ces allient utilit\u00e9 et style, devenant indispensables dans toute cuisine.<\/p>\n","protected":false},"excerpt":{"rendered":"<p>La collection COOK rassemble des ustensiles de cuisine pens\u00e9s pour le quotidien, en mettant l&#8217;accent sur la fonctionnalit\u00e9 et le<\/p>\n","protected":false},"featured_media":33963,"comment_status":"closed","ping_status":"closed","template":"","meta":[],"product_brand":[],"product_cat":[324],"product_tag":[181,176,166],"class_list":{"0":"post-50739","1":"product","2":"type-product","3":"status-publish","4":"has-post-thumbnail","6":"product_cat-spatules-cuilleres-de-cuisine","7":"product_tag-integre-pim","8":"product_tag-petites-dimensions","9":"product_tag-produits-en-ligne","11":"first","12":"instock","13":"shipping-taxable","14":"purchasable","15":"product-type-simple"},"_links":{"self":[{"href":"https:\/\/casacumbia.com\/en\/wp-json\/wp\/v2\/product\/50739","targetHints":{"allow":["GET"]}}],"collection":[{"href":"https:\/\/casacumbia.com\/en\/wp-json\/wp\/v2\/product"}],"about":[{"href":"https:\/\/casacumbia.com\/en\/wp-json\/wp\/v2\/types\/product"}],"replies":[{"embeddable":true,"href":"https:\/\/casacumbia.com\/en\/wp-json\/wp\/v2\/comments?post=50739"}],"version-history":[{"count":1,"href":"https:\/\/casacumbia.com\/en\/wp-json\/wp\/v2\/product\/50739\/revisions"}],"predecessor-version":[{"id":52408,"href":"https:\/\/casacumbia.com\/en\/wp-json\/wp\/v2\/product\/50739\/revisions\/52408"}],"wp:featuredmedia":[{"embeddable":true,"href":"https:\/\/casacumbia.com\/en\/wp-json\/wp\/v2\/media\/33963"}],"wp:attachment":[{"href":"https:\/\/casacumbia.com\/en\/wp-json\/wp\/v2\/media?parent=50739"}],"wp:term":[{"taxonomy":"product_brand","embeddable":true,"href":"https:\/\/casacumbia.com\/en\/wp-json\/wp\/v2\/product_brand?post=50739"},{"taxonomy":"product_cat","embeddable":true,"href":"https:\/\/casacumbia.com\/en\/wp-json\/wp\/v2\/product_cat?post=50739"},{"taxonomy":"product_tag","embeddable":true,"href":"https:\/\/casacumbia.com\/en\/wp-json\/wp\/v2\/product_tag?post=50739"}],"curies":[{"name":"wp","href":"https:\/\/api.w.org\/{rel}","templated":true}]}}